{"id":8799,"date":"2019-12-09T12:19:24","date_gmt":"2019-12-09T11:19:24","guid":{"rendered":"http:\/\/leen-trimarans.com\/boat-shows\/"},"modified":"2024-04-22T14:10:43","modified_gmt":"2024-04-22T13:10:43","slug":"boat-shows","status":"publish","type":"page","link":"https:\/\/leen-trimarans.com\/fr\/boat-shows\/","title":{"rendered":"Salons nautiques"},"content":{"rendered":"\t\t<div data-elementor-type=\"wp-page\" data-elementor-id=\"8799\" class=\"elementor elementor-8799 elementor-5792\" data-elementor-post-type=\"page\">\n\t\t\t\t\t\t<section class=\"elementor-section elementor-top-section elementor-element elementor-element-74b97287 section_breadcrum_neel elementor-section-boxed elementor-section-height-default elementor-section-height-default\" data-id=\"74b97287\" data-element_type=\"section\" data-e-type=\"section\">\n\t\t\t\t\t\t<div class=\"elementor-container elementor-column-gap-default\">\n\t\t\t\t\t<div class=\"elementor-column elementor-col-100 elementor-top-column elementor-element elementor-element-23e83cf8\" data-id=\"23e83cf8\" data-element_type=\"column\" data-e-type=\"column\">\n\t\t\t<div class=\"elementor-widget-wrap elementor-element-populated\">\n\t\t\t\t\t\t<div class=\"elementor-element elementor-element-5790162e breadcrum_neel elementor-widget elementor-widget-wp-widget-bcn_widget\" data-id=\"5790162e\" data-element_type=\"widget\" data-e-type=\"widget\" data-widget_type=\"wp-widget-bcn_widget.default\">\n\t\t\t\t<div class=\"elementor-widget-container\">\n\t\t\t\t\t<div class=\"breadcrumbs\" vocab=\"https:\/\/schema.org\/\" typeof=\"BreadcrumbList\"><span property=\"itemListElement\" typeof=\"ListItem\"><a property=\"item\" typeof=\"WebPage\" title=\"Aller \u00e0 LEEN-TRIMARANS.\" href=\"https:\/\/leen-trimarans.com\/fr\/\" class=\"home\" aria-current=\"page\"><span property=\"name\">LEEN-TRIMARANS<\/span><\/a><meta property=\"position\" content=\"1\"><\/span><\/div>\t\t\t\t<\/div>\n\t\t\t\t<\/div>\n\t\t\t\t\t<\/div>\n\t\t<\/div>\n\t\t\t\t\t<\/div>\n\t\t<\/section>\n\t\t<div class=\"elementor-element elementor-element-84f8b15 e-flex e-con-boxed e-con e-parent\" data-id=\"84f8b15\" data-element_type=\"container\" data-e-type=\"container\">\n\t\t\t\t\t<div class=\"e-con-inner\">\n\t\t\t\t<div class=\"elementor-element elementor-element-ce3a120 elementor-widget elementor-widget-tp-timeline\" data-id=\"ce3a120\" data-element_type=\"widget\" data-e-type=\"widget\" data-widget_type=\"tp-timeline.default\">\n\t\t\t\t<div class=\"elementor-widget-container\">\n\t\t\t\t\t<div id=\"pt_plus_timeline\" class=\"pt-plus-timeline-list  layout-both   timeline-center-align timeline69fc254ee2b97 timeline-style-1 \" data-id=\"timeline69fc254ee2b97\" data-masonry-type=\"no\"><div class=\"post-inner-loop \"><div class=\"timeline-track  \"><\/div><div class=\"timeline-track timeline-track-draw  \"><\/div><div class=\"timeline--icon\"><div class=\"timeline-beginning-icon\"><i class=\" fa fa-circle-o\" ><\/i><\/div><\/div><div class=\"grid-item timeline-item-wrap elementor-repeater-item-3b9650e timeline-left-content  text-pin-position-right\"  >\r\n\t\t\t\t\t\t<div class=\"timeline-inner-block timeline-transition\">\r\n\t\t\t\t\t\t\t<div class=\"timeline-item text-right \" >\r\n\t\t\t\t\t\t\t\t<div class=\"timeline-item-content timeline-transition text-right \"><div class=\"timeline-tl-before timeline-transition\"><\/div><a class=\"timeline-item-heading timeline-transition\" href=\"https:\/\/leen-trimarans.com\/fr\/contacts\/#RDV\"  >Cannes Yachting Festival<\/a><div class=\"timeline-content-image\"><img fetchpriority=\"high\" decoding=\"async\" width=\"282\" height=\"179\" src=\"https:\/\/leen-trimarans.com\/wp-content\/uploads\/2020\/02\/salons-nautiques-2.jpg\" class=\"hover__img\" alt=\"Yachting Festival Cannes FR Logo\" \/><\/div><div class=\"pt_plus_button btn69fc254ee2f87 button-style-8 \"><a href=\"https:\/\/leen-trimarans.com\/fr\/contacts\/#RDV\" class=\"button-link-wrap \" role=\"button\">PRENDRE RDV<\/a><\/div><\/div><\/div><div class=\"point-icon style-1\"> <div class=\"timeline-tooltip-wrap\"><div class=\"timeline-point-icon\"> <div class=\"timeline-pin-icon\"><i class=\" iconsmind-Flag-2 point-icon-inner \" ><\/i><\/div><\/div><\/div> <div class=\"timeline-text-tooltip position-right timeline-transition\" style=\"opacity: 1;\">du 10 au 15 septembre 2024<div class=\"tooltip-arrow timeline-transition\"><\/div><\/div> <\/div> <\/div> <\/div><div class=\"grid-item timeline-item-wrap elementor-repeater-item-969eeb7 timeline-right-content  text-pin-position-left\"  >\r\n\t\t\t\t\t\t<div class=\"timeline-inner-block timeline-transition\">\r\n\t\t\t\t\t\t\t<div class=\"timeline-item text-left \" >\r\n\t\t\t\t\t\t\t\t<div class=\"timeline-item-content timeline-transition text-left \"><div class=\"timeline-tl-before timeline-transition\"><\/div><a class=\"timeline-item-heading timeline-transition\" href=\"https:\/\/leen-trimarans.com\/fr\/contacts\/#RDV\"  >Le Grand Pavois<\/a><div class=\"timeline-content-image\"><img decoding=\"async\" width=\"242\" height=\"278\" src=\"https:\/\/leen-trimarans.com\/wp-content\/uploads\/2024\/04\/salons-nautiques-7.png\" class=\"hover__img\" alt=\"Salons nautiques 7\" \/><\/div><div class=\"pt_plus_button btn69fc254ee3274 button-style-8 \"><a href=\"https:\/\/leen-trimarans.com\/fr\/contacts\/#RDV\" class=\"button-link-wrap \" role=\"button\">PRENDRE RDV<\/a><\/div><\/div><\/div><div class=\"point-icon style-1\"> <div class=\"timeline-tooltip-wrap\"><div class=\"timeline-point-icon\"> <div class=\"timeline-pin-icon\"><i class=\" iconsmind-Flag-2 point-icon-inner \" ><\/i><\/div><\/div><\/div> <div class=\"timeline-text-tooltip position-left timeline-transition\" style=\"opacity: 1;\">du 1er au 6 octobre 2024<div class=\"tooltip-arrow timeline-transition\"><\/div><\/div> <\/div> <\/div> <\/div><div class=\"timeline--icon\"><div class=\"timeline-end-icon\"><i class=\" fa fa-angle-double-down\" ><\/i><\/div><\/div><\/div><\/div><style>@media (min-width:731px){.timeline69fc254ee2b97.timeline-style-1 .timeline-item-wrap .timeline-item .timeline-tl-before{width:120px}.timeline69fc254ee2b97.timeline-style-1.timeline-center-align .timeline-left-content{padding-right:120px}.timeline69fc254ee2b97.timeline-style-1.timeline-center-align .timeline-right-content{padding-left:120px}.timeline69fc254ee2b97.timeline-style-1.timeline-left-align .timeline-item-wrap{padding-right:120px !important;}.timeline69fc254ee2b97.timeline-style-1.timeline-right-align .timeline-item-wrap.timeline-left-content,.timeline69fc254ee2b97.timeline-style-1.timeline-right-align .timeline-item-wrap.timeline-right-content{padding-left:120px !important;}}<\/style>\t\t\t\t<\/div>\n\t\t\t\t<\/div>\n\t\t\t\t\t<\/div>\n\t\t\t\t<\/div>\n\t\t\t\t<\/div>\n\t\t","protected":false},"excerpt":{"rendered":"<p>Cannes Yachting Festival PRENDRE RDV du 10 au 15 septembre 2024 Le Grand Pavois PRENDRE RDV du 1er au 6 octobre 2024<\/p>\n","protected":false},"author":1,"featured_media":11351,"parent":0,"menu_order":5,"comment_status":"closed","ping_status":"closed","template":"page_content_neel.php","meta":{"_acf_changed":false,"footnotes":""},"class_list":["post-8799","page","type-page","status-publish","has-post-thumbnail","hentry"],"acf":[],"yoast_head":"<!-- This site is optimized with the Yoast SEO plugin v27.5 - https:\/\/yoast.com\/product\/yoast-seo-wordpress\/ -->\n<title>Salons nautiques - LEEN-TRIMARANS<\/title>\n<meta name=\"description\" content=\"Tout au long de l&#039;ann\u00e9e et dans le monde entier, rencontrez nos \u00e9quipes pour d\u00e9couvrir les trimarans NEEL sur les salons nautiques.\" \/>\n<meta name=\"robots\" content=\"index, follow, max-snippet:-1, max-image-preview:large, max-video-preview:-1\" \/>\n<link rel=\"canonical\" href=\"https:\/\/leen-trimarans.com\/boat-shows\/\" \/>\n<meta property=\"og:locale\" content=\"fr_FR\" \/>\n<meta property=\"og:type\" content=\"article\" \/>\n<meta property=\"og:title\" content=\"Salons nautiques - LEEN-TRIMARANS\" \/>\n<meta property=\"og:description\" content=\"Tout au long de l&#039;ann\u00e9e et dans le monde entier, rencontrez nos \u00e9quipes pour d\u00e9couvrir les trimarans NEEL sur les salons nautiques.\" \/>\n<meta property=\"og:url\" content=\"https:\/\/leen-trimarans.com\/boat-shows\/\" \/>\n<meta property=\"og:site_name\" content=\"LEEN-TRIMARANS\" \/>\n<meta property=\"article:publisher\" content=\"https:\/\/www.facebook.com\/neeltrimarans\/\" \/>\n<meta property=\"article:modified_time\" content=\"2024-04-22T13:10:43+00:00\" \/>\n<meta property=\"og:image\" content=\"https:\/\/leen-trimarans.com\/wp-content\/uploads\/2020\/02\/Boat-Show.jpg\" \/>\n\t<meta property=\"og:image:width\" content=\"1920\" \/>\n\t<meta property=\"og:image:height\" content=\"1280\" \/>\n\t<meta property=\"og:image:type\" content=\"image\/jpeg\" \/>\n<meta name=\"twitter:card\" content=\"summary_large_image\" \/>\n<meta name=\"twitter:site\" content=\"@neeltrimarans\" \/>\n<meta name=\"twitter:label1\" content=\"Dur\u00e9e de lecture estim\u00e9e\" \/>\n\t<meta name=\"twitter:data1\" content=\"1 minute\" \/>\n<script type=\"application\/ld+json\" class=\"yoast-schema-graph\">{\"@context\":\"https:\\\/\\\/schema.org\",\"@graph\":[{\"@type\":\"WebPage\",\"@id\":\"https:\\\/\\\/leen-trimarans.com\\\/boat-shows\\\/\",\"url\":\"https:\\\/\\\/leen-trimarans.com\\\/boat-shows\\\/\",\"name\":\"Salons nautiques - LEEN-TRIMARANS\",\"isPartOf\":{\"@id\":\"https:\\\/\\\/leen-trimarans.com\\\/#website\"},\"primaryImageOfPage\":{\"@id\":\"https:\\\/\\\/leen-trimarans.com\\\/boat-shows\\\/#primaryimage\"},\"image\":{\"@id\":\"https:\\\/\\\/leen-trimarans.com\\\/boat-shows\\\/#primaryimage\"},\"thumbnailUrl\":\"https:\\\/\\\/leen-trimarans.com\\\/wp-content\\\/uploads\\\/2020\\\/02\\\/Boat-Show.jpg\",\"datePublished\":\"2019-12-09T11:19:24+00:00\",\"dateModified\":\"2024-04-22T13:10:43+00:00\",\"description\":\"Tout au long de l'ann\u00e9e et dans le monde entier, rencontrez nos \u00e9quipes pour d\u00e9couvrir les trimarans NEEL sur les salons nautiques.\",\"breadcrumb\":{\"@id\":\"https:\\\/\\\/leen-trimarans.com\\\/boat-shows\\\/#breadcrumb\"},\"inLanguage\":\"fr-FR\",\"potentialAction\":[{\"@type\":\"ReadAction\",\"target\":[\"https:\\\/\\\/leen-trimarans.com\\\/boat-shows\\\/\"]}]},{\"@type\":\"ImageObject\",\"inLanguage\":\"fr-FR\",\"@id\":\"https:\\\/\\\/leen-trimarans.com\\\/boat-shows\\\/#primaryimage\",\"url\":\"https:\\\/\\\/leen-trimarans.com\\\/wp-content\\\/uploads\\\/2020\\\/02\\\/Boat-Show.jpg\",\"contentUrl\":\"https:\\\/\\\/leen-trimarans.com\\\/wp-content\\\/uploads\\\/2020\\\/02\\\/Boat-Show.jpg\",\"width\":1920,\"height\":1280,\"caption\":\"Salons nautique 1\"},{\"@type\":\"BreadcrumbList\",\"@id\":\"https:\\\/\\\/leen-trimarans.com\\\/boat-shows\\\/#breadcrumb\",\"itemListElement\":[{\"@type\":\"ListItem\",\"position\":1,\"name\":\"Home\",\"item\":\"https:\\\/\\\/leen-trimarans.com\\\/fr\\\/\"},{\"@type\":\"ListItem\",\"position\":2,\"name\":\"Salons nautiques\"}]},{\"@type\":\"WebSite\",\"@id\":\"https:\\\/\\\/leen-trimarans.com\\\/#website\",\"url\":\"https:\\\/\\\/leen-trimarans.com\\\/\",\"name\":\"LEEN-TRIMARANS\",\"description\":\"Just makes sense\",\"publisher\":{\"@id\":\"https:\\\/\\\/leen-trimarans.com\\\/#organization\"},\"potentialAction\":[{\"@type\":\"SearchAction\",\"target\":{\"@type\":\"EntryPoint\",\"urlTemplate\":\"https:\\\/\\\/leen-trimarans.com\\\/?s={search_term_string}\"},\"query-input\":{\"@type\":\"PropertyValueSpecification\",\"valueRequired\":true,\"valueName\":\"search_term_string\"}}],\"inLanguage\":\"fr-FR\"},{\"@type\":\"Organization\",\"@id\":\"https:\\\/\\\/leen-trimarans.com\\\/#organization\",\"name\":\"LEEN-TRIMARANS\",\"url\":\"https:\\\/\\\/leen-trimarans.com\\\/\",\"logo\":{\"@type\":\"ImageObject\",\"inLanguage\":\"fr-FR\",\"@id\":\"https:\\\/\\\/leen-trimarans.com\\\/#\\\/schema\\\/logo\\\/image\\\/\",\"url\":\"\",\"contentUrl\":\"\",\"caption\":\"LEEN-TRIMARANS\"},\"image\":{\"@id\":\"https:\\\/\\\/leen-trimarans.com\\\/#\\\/schema\\\/logo\\\/image\\\/\"},\"sameAs\":[\"https:\\\/\\\/www.facebook.com\\\/neeltrimarans\\\/\",\"https:\\\/\\\/x.com\\\/neeltrimarans\",\"https:\\\/\\\/www.instagram.com\\\/neeltrimarans_official\\\/\",\"https:\\\/\\\/www.youtube.com\\\/channel\\\/UCAFnRZZiNuug-k9TNDH_sEw\"]}]}<\/script>\n<!-- \/ Yoast SEO plugin. -->","yoast_head_json":{"title":"Salons nautiques - LEEN-TRIMARANS","description":"Tout au long de l'ann\u00e9e et dans le monde entier, rencontrez nos \u00e9quipes pour d\u00e9couvrir les trimarans NEEL sur les salons nautiques.","robots":{"index":"index","follow":"follow","max-snippet":"max-snippet:-1","max-image-preview":"max-image-preview:large","max-video-preview":"max-video-preview:-1"},"canonical":"https:\/\/leen-trimarans.com\/boat-shows\/","og_locale":"fr_FR","og_type":"article","og_title":"Salons nautiques - LEEN-TRIMARANS","og_description":"Tout au long de l'ann\u00e9e et dans le monde entier, rencontrez nos \u00e9quipes pour d\u00e9couvrir les trimarans NEEL sur les salons nautiques.","og_url":"https:\/\/leen-trimarans.com\/boat-shows\/","og_site_name":"LEEN-TRIMARANS","article_publisher":"https:\/\/www.facebook.com\/neeltrimarans\/","article_modified_time":"2024-04-22T13:10:43+00:00","og_image":[{"width":1920,"height":1280,"url":"https:\/\/leen-trimarans.com\/wp-content\/uploads\/2020\/02\/Boat-Show.jpg","type":"image\/jpeg"}],"twitter_card":"summary_large_image","twitter_site":"@neeltrimarans","twitter_misc":{"Dur\u00e9e de lecture estim\u00e9e":"1 minute"},"schema":{"@context":"https:\/\/schema.org","@graph":[{"@type":"WebPage","@id":"https:\/\/leen-trimarans.com\/boat-shows\/","url":"https:\/\/leen-trimarans.com\/boat-shows\/","name":"Salons nautiques - LEEN-TRIMARANS","isPartOf":{"@id":"https:\/\/leen-trimarans.com\/#website"},"primaryImageOfPage":{"@id":"https:\/\/leen-trimarans.com\/boat-shows\/#primaryimage"},"image":{"@id":"https:\/\/leen-trimarans.com\/boat-shows\/#primaryimage"},"thumbnailUrl":"https:\/\/leen-trimarans.com\/wp-content\/uploads\/2020\/02\/Boat-Show.jpg","datePublished":"2019-12-09T11:19:24+00:00","dateModified":"2024-04-22T13:10:43+00:00","description":"Tout au long de l'ann\u00e9e et dans le monde entier, rencontrez nos \u00e9quipes pour d\u00e9couvrir les trimarans NEEL sur les salons nautiques.","breadcrumb":{"@id":"https:\/\/leen-trimarans.com\/boat-shows\/#breadcrumb"},"inLanguage":"fr-FR","potentialAction":[{"@type":"ReadAction","target":["https:\/\/leen-trimarans.com\/boat-shows\/"]}]},{"@type":"ImageObject","inLanguage":"fr-FR","@id":"https:\/\/leen-trimarans.com\/boat-shows\/#primaryimage","url":"https:\/\/leen-trimarans.com\/wp-content\/uploads\/2020\/02\/Boat-Show.jpg","contentUrl":"https:\/\/leen-trimarans.com\/wp-content\/uploads\/2020\/02\/Boat-Show.jpg","width":1920,"height":1280,"caption":"Salons nautique 1"},{"@type":"BreadcrumbList","@id":"https:\/\/leen-trimarans.com\/boat-shows\/#breadcrumb","itemListElement":[{"@type":"ListItem","position":1,"name":"Home","item":"https:\/\/leen-trimarans.com\/fr\/"},{"@type":"ListItem","position":2,"name":"Salons nautiques"}]},{"@type":"WebSite","@id":"https:\/\/leen-trimarans.com\/#website","url":"https:\/\/leen-trimarans.com\/","name":"LEEN-TRIMARANS","description":"Just makes sense","publisher":{"@id":"https:\/\/leen-trimarans.com\/#organization"},"potentialAction":[{"@type":"SearchAction","target":{"@type":"EntryPoint","urlTemplate":"https:\/\/leen-trimarans.com\/?s={search_term_string}"},"query-input":{"@type":"PropertyValueSpecification","valueRequired":true,"valueName":"search_term_string"}}],"inLanguage":"fr-FR"},{"@type":"Organization","@id":"https:\/\/leen-trimarans.com\/#organization","name":"LEEN-TRIMARANS","url":"https:\/\/leen-trimarans.com\/","logo":{"@type":"ImageObject","inLanguage":"fr-FR","@id":"https:\/\/leen-trimarans.com\/#\/schema\/logo\/image\/","url":"","contentUrl":"","caption":"LEEN-TRIMARANS"},"image":{"@id":"https:\/\/leen-trimarans.com\/#\/schema\/logo\/image\/"},"sameAs":["https:\/\/www.facebook.com\/neeltrimarans\/","https:\/\/x.com\/neeltrimarans","https:\/\/www.instagram.com\/neeltrimarans_official\/","https:\/\/www.youtube.com\/channel\/UCAFnRZZiNuug-k9TNDH_sEw"]}]}},"_links":{"self":[{"href":"https:\/\/leen-trimarans.com\/fr\/wp-json\/wp\/v2\/pages\/8799","targetHints":{"allow":["GET"]}}],"collection":[{"href":"https:\/\/leen-trimarans.com\/fr\/wp-json\/wp\/v2\/pages"}],"about":[{"href":"https:\/\/leen-trimarans.com\/fr\/wp-json\/wp\/v2\/types\/page"}],"author":[{"embeddable":true,"href":"https:\/\/leen-trimarans.com\/fr\/wp-json\/wp\/v2\/users\/1"}],"replies":[{"embeddable":true,"href":"https:\/\/leen-trimarans.com\/fr\/wp-json\/wp\/v2\/comments?post=8799"}],"version-history":[{"count":14,"href":"https:\/\/leen-trimarans.com\/fr\/wp-json\/wp\/v2\/pages\/8799\/revisions"}],"predecessor-version":[{"id":17903,"href":"https:\/\/leen-trimarans.com\/fr\/wp-json\/wp\/v2\/pages\/8799\/revisions\/17903"}],"wp:featuredmedia":[{"embeddable":true,"href":"https:\/\/leen-trimarans.com\/fr\/wp-json\/wp\/v2\/media\/11351"}],"wp:attachment":[{"href":"https:\/\/leen-trimarans.com\/fr\/wp-json\/wp\/v2\/media?parent=8799"}],"curies":[{"name":"wp","href":"https:\/\/api.w.org\/{rel}","templated":true}]}}