{"id":8260,"date":"2019-08-23T15:16:38","date_gmt":"2019-08-23T14:16:47","guid":{"rendered":"http:\/\/leen-trimarans.com\/pourquoi-un-trimaran-neel\/comfort\/"},"modified":"2021-05-27T16:00:00","modified_gmt":"2021-05-27T15:00:00","slug":"programme","status":"publish","type":"page","link":"https:\/\/leen-trimarans.com\/fr\/pourquoi-un-trimaran-leen\/programme\/","title":{"rendered":"Programme"},"content":{"rendered":"\t\t<div data-elementor-type=\"wp-page\" data-elementor-id=\"8260\" class=\"elementor elementor-8260 elementor-5215\" data-elementor-post-type=\"page\">\n\t\t\t\t\t\t<section class=\"elementor-section elementor-top-section elementor-element elementor-element-d7b3e38 section_breadcrum_neel elementor-section-boxed elementor-section-height-default elementor-section-height-default\" data-id=\"d7b3e38\" data-element_type=\"section\" data-e-type=\"section\">\n\t\t\t\t\t\t<div class=\"elementor-container elementor-column-gap-default\">\n\t\t\t\t\t<div class=\"elementor-column elementor-col-100 elementor-top-column elementor-element elementor-element-97a8dec\" data-id=\"97a8dec\" data-element_type=\"column\" data-e-type=\"column\">\n\t\t\t<div class=\"elementor-widget-wrap elementor-element-populated\">\n\t\t\t\t\t\t<div class=\"elementor-element elementor-element-90387ba breadcrum_neel elementor-widget elementor-widget-wp-widget-bcn_widget\" data-id=\"90387ba\" data-element_type=\"widget\" data-e-type=\"widget\" data-widget_type=\"wp-widget-bcn_widget.default\">\n\t\t\t\t<div class=\"elementor-widget-container\">\n\t\t\t\t\t<div class=\"breadcrumbs\" vocab=\"https:\/\/schema.org\/\" typeof=\"BreadcrumbList\"><span property=\"itemListElement\" typeof=\"ListItem\"><a property=\"item\" typeof=\"WebPage\" title=\"Aller \u00e0 LEEN-TRIMARANS.\" href=\"https:\/\/leen-trimarans.com\/fr\/\" class=\"home\" aria-current=\"page\"><span property=\"name\">LEEN-TRIMARANS<\/span><\/a><meta property=\"position\" content=\"1\"><\/span><\/div>\t\t\t\t<\/div>\n\t\t\t\t<\/div>\n\t\t\t\t\t<\/div>\n\t\t<\/div>\n\t\t\t\t\t<\/div>\n\t\t<\/section>\n\t\t\t\t<section class=\"elementor-section elementor-top-section elementor-element elementor-element-fd00521 elementor-section-boxed elementor-section-height-default elementor-section-height-default\" data-id=\"fd00521\" data-element_type=\"section\" data-e-type=\"section\">\n\t\t\t\t\t\t<div class=\"elementor-container elementor-column-gap-default\">\n\t\t\t\t\t<div class=\"elementor-column elementor-col-50 elementor-top-column elementor-element elementor-element-4473962f\" data-id=\"4473962f\" data-element_type=\"column\" data-e-type=\"column\">\n\t\t\t<div class=\"elementor-widget-wrap elementor-element-populated\">\n\t\t\t\t\t\t<div class=\"elementor-element elementor-element-f6fd12b elementor-widget elementor-widget-image\" data-id=\"f6fd12b\" data-element_type=\"widget\" data-e-type=\"widget\" data-widget_type=\"image.default\">\n\t\t\t\t<div class=\"elementor-widget-container\">\n\t\t\t\t\t\t\t\t\t\t\t\t\t\t\t<img fetchpriority=\"high\" decoding=\"async\" width=\"2560\" height=\"1704\" src=\"https:\/\/leen-trimarans.com\/wp-content\/uploads\/2021\/04\/leen-56-314-scaled.jpg\" class=\"attachment-full size-full wp-image-14275\" alt=\"LEEN 56 24\" srcset=\"https:\/\/leen-trimarans.com\/wp-content\/uploads\/2021\/04\/leen-56-314-scaled.jpg 2560w, https:\/\/leen-trimarans.com\/wp-content\/uploads\/2021\/04\/leen-56-314-300x200.jpg 300w, https:\/\/leen-trimarans.com\/wp-content\/uploads\/2021\/04\/leen-56-314-1024x682.jpg 1024w, https:\/\/leen-trimarans.com\/wp-content\/uploads\/2021\/04\/leen-56-314-1536x1023.jpg 1536w, https:\/\/leen-trimarans.com\/wp-content\/uploads\/2021\/04\/leen-56-314-2048x1363.jpg 2048w\" sizes=\"(max-width: 2560px) 100vw, 2560px\" \/>\t\t\t\t\t\t\t\t\t\t\t\t\t\t\t<\/div>\n\t\t\t\t<\/div>\n\t\t\t\t\t<\/div>\n\t\t<\/div>\n\t\t\t\t<div class=\"elementor-column elementor-col-50 elementor-top-column elementor-element elementor-element-75c29c2\" data-id=\"75c29c2\" data-element_type=\"column\" data-e-type=\"column\">\n\t\t\t<div class=\"elementor-widget-wrap elementor-element-populated\">\n\t\t\t\t\t\t<div class=\"elementor-element elementor-element-7714ce7 elementor-widget elementor-widget-text-editor\" data-id=\"7714ce7\" data-element_type=\"widget\" data-e-type=\"widget\" data-widget_type=\"text-editor.default\">\n\t\t\t\t<div class=\"elementor-widget-container\">\n\t\t\t\t\t\t\t\t\t<h2>\u00c9largissez vos horizons<\/h2><p><span style=\"font-size: 12.0pt; line-height: 107%; font-family: 'Helvetica',sans-serif; mso-bidi-font-family: Arial;\">Ce sont des bateaux \u00e0 la fois luxueux et marins qui concilient les exigences de la croisi\u00e8re hauturi\u00e8re et le confort \u00e0 bord, l\u2019autonomie et la performance.<\/span><\/p><p>\u00a0<\/p><p><span style=\"font-size: 12.0pt; line-height: 107%; font-family: 'Helvetica',sans-serif; mso-bidi-font-family: Arial;\">Les plaisanciers souhaitent \u00e9largir leurs horizons \u00e0 bord d\u2019un yacht d\u2019une grande autonomie, performant, confortable et s\u00fbr. Ces trimarans sont destin\u00e9s \u00e0 la fois au Grand Voyage (<span style=\"color: black; background-image: initial; background-position: initial; background-size: initial; background-repeat: initial; background-attachment: initial; background-origin: initial; background-clip: initial;\">autonomie transatlantique<\/span>) et \u00e0 la croisi\u00e8re c\u00f4ti\u00e8re.<\/span><\/p>\t\t\t\t\t\t\t\t<\/div>\n\t\t\t\t<\/div>\n\t\t\t\t\t<\/div>\n\t\t<\/div>\n\t\t\t\t\t<\/div>\n\t\t<\/section>\n\t\t\t\t<\/div>\n\t\t","protected":false},"excerpt":{"rendered":"<p>\u00c9largissez vos horizons Ce sont des bateaux \u00e0 la fois luxueux et marins qui concilient les exigences de la croisi\u00e8re hauturi\u00e8re et le confort \u00e0 bord, l\u2019autonomie et la performance. \u00a0 Les plaisanciers souhaitent \u00e9largir leurs horizons \u00e0 bord d\u2019un yacht d\u2019une grande autonomie, performant, confortable et s\u00fbr. Ces trimarans sont destin\u00e9s \u00e0 la fois [&hellip;]<\/p>\n","protected":false},"author":1,"featured_media":10329,"parent":8236,"menu_order":1,"comment_status":"closed","ping_status":"closed","template":"page_content_neel.php","meta":{"_acf_changed":false,"footnotes":""},"class_list":["post-8260","page","type-page","status-publish","has-post-thumbnail","hentry"],"acf":[],"yoast_head":"<!-- This site is optimized with the Yoast SEO plugin v27.2 - https:\/\/yoast.com\/product\/yoast-seo-wordpress\/ -->\n<title>Programme - LEEN-TRIMARANS<\/title>\n<meta name=\"description\" content=\"Les trimarans LEEN, sont des bateaux destin\u00e9es aux programme de Grand Voyage. Elargissez vos horizons \u00e0 bord d&#039;un yacht unique au monde.\" \/>\n<meta name=\"robots\" content=\"index, follow, max-snippet:-1, max-image-preview:large, max-video-preview:-1\" \/>\n<link rel=\"canonical\" href=\"https:\/\/leen-trimarans.com\/why-a-trimaran-leen\/program\/\" \/>\n<meta property=\"og:locale\" content=\"fr_FR\" \/>\n<meta property=\"og:type\" content=\"article\" \/>\n<meta property=\"og:title\" content=\"Programme - LEEN-TRIMARANS\" \/>\n<meta property=\"og:description\" content=\"Les trimarans LEEN, sont des bateaux destin\u00e9es aux programme de Grand Voyage. Elargissez vos horizons \u00e0 bord d&#039;un yacht unique au monde.\" \/>\n<meta property=\"og:url\" content=\"https:\/\/leen-trimarans.com\/why-a-trimaran-leen\/program\/\" \/>\n<meta property=\"og:site_name\" content=\"LEEN-TRIMARANS\" \/>\n<meta property=\"article:publisher\" content=\"https:\/\/www.facebook.com\/neeltrimarans\/\" \/>\n<meta property=\"article:modified_time\" content=\"2021-05-27T15:00:00+00:00\" \/>\n<meta property=\"og:image\" content=\"https:\/\/leen-trimarans.com\/wp-content\/uploads\/2020\/01\/programme.jpg\" \/>\n\t<meta property=\"og:image:width\" content=\"1900\" \/>\n\t<meta property=\"og:image:height\" content=\"943\" \/>\n\t<meta property=\"og:image:type\" content=\"image\/jpeg\" \/>\n<meta name=\"twitter:card\" content=\"summary_large_image\" \/>\n<meta name=\"twitter:site\" content=\"@neeltrimarans\" \/>\n<meta name=\"twitter:label1\" content=\"Dur\u00e9e de lecture estim\u00e9e\" \/>\n\t<meta name=\"twitter:data1\" content=\"1 minute\" \/>\n<script type=\"application\/ld+json\" class=\"yoast-schema-graph\">{\"@context\":\"https:\/\/schema.org\",\"@graph\":[{\"@type\":\"WebPage\",\"@id\":\"https:\/\/leen-trimarans.com\/why-a-trimaran-leen\/program\/\",\"url\":\"https:\/\/leen-trimarans.com\/why-a-trimaran-leen\/program\/\",\"name\":\"Programme - LEEN-TRIMARANS\",\"isPartOf\":{\"@id\":\"https:\/\/leen-trimarans.com\/#website\"},\"primaryImageOfPage\":{\"@id\":\"https:\/\/leen-trimarans.com\/why-a-trimaran-leen\/program\/#primaryimage\"},\"image\":{\"@id\":\"https:\/\/leen-trimarans.com\/why-a-trimaran-leen\/program\/#primaryimage\"},\"thumbnailUrl\":\"https:\/\/leen-trimarans.com\/wp-content\/uploads\/2020\/01\/programme.jpg\",\"datePublished\":\"2019-08-23T14:16:47+00:00\",\"dateModified\":\"2021-05-27T15:00:00+00:00\",\"description\":\"Les trimarans LEEN, sont des bateaux destin\u00e9es aux programme de Grand Voyage. Elargissez vos horizons \u00e0 bord d'un yacht unique au monde.\",\"breadcrumb\":{\"@id\":\"https:\/\/leen-trimarans.com\/why-a-trimaran-leen\/program\/#breadcrumb\"},\"inLanguage\":\"fr-FR\",\"potentialAction\":[{\"@type\":\"ReadAction\",\"target\":[\"https:\/\/leen-trimarans.com\/why-a-trimaran-leen\/program\/\"]}]},{\"@type\":\"ImageObject\",\"inLanguage\":\"fr-FR\",\"@id\":\"https:\/\/leen-trimarans.com\/why-a-trimaran-leen\/program\/#primaryimage\",\"url\":\"https:\/\/leen-trimarans.com\/wp-content\/uploads\/2020\/01\/programme.jpg\",\"contentUrl\":\"https:\/\/leen-trimarans.com\/wp-content\/uploads\/2020\/01\/programme.jpg\",\"width\":1900,\"height\":943,\"caption\":\"Carte du monde\"},{\"@type\":\"BreadcrumbList\",\"@id\":\"https:\/\/leen-trimarans.com\/why-a-trimaran-leen\/program\/#breadcrumb\",\"itemListElement\":[{\"@type\":\"ListItem\",\"position\":1,\"name\":\"Home\",\"item\":\"https:\/\/leen-trimarans.com\/fr\/\"},{\"@type\":\"ListItem\",\"position\":2,\"name\":\"Pourquoi un trimaran LEEN ?\",\"item\":\"https:\/\/leen-trimarans.com\/why-a-trimaran-leen\/\"},{\"@type\":\"ListItem\",\"position\":3,\"name\":\"Programme\"}]},{\"@type\":\"WebSite\",\"@id\":\"https:\/\/leen-trimarans.com\/#website\",\"url\":\"https:\/\/leen-trimarans.com\/\",\"name\":\"LEEN-TRIMARANS\",\"description\":\"Just makes sense\",\"publisher\":{\"@id\":\"https:\/\/leen-trimarans.com\/#organization\"},\"potentialAction\":[{\"@type\":\"SearchAction\",\"target\":{\"@type\":\"EntryPoint\",\"urlTemplate\":\"https:\/\/leen-trimarans.com\/?s={search_term_string}\"},\"query-input\":{\"@type\":\"PropertyValueSpecification\",\"valueRequired\":true,\"valueName\":\"search_term_string\"}}],\"inLanguage\":\"fr-FR\"},{\"@type\":\"Organization\",\"@id\":\"https:\/\/leen-trimarans.com\/#organization\",\"name\":\"LEEN-TRIMARANS\",\"url\":\"https:\/\/leen-trimarans.com\/\",\"logo\":{\"@type\":\"ImageObject\",\"inLanguage\":\"fr-FR\",\"@id\":\"https:\/\/leen-trimarans.com\/#\/schema\/logo\/image\/\",\"url\":\"\",\"contentUrl\":\"\",\"caption\":\"LEEN-TRIMARANS\"},\"image\":{\"@id\":\"https:\/\/leen-trimarans.com\/#\/schema\/logo\/image\/\"},\"sameAs\":[\"https:\/\/www.facebook.com\/neeltrimarans\/\",\"https:\/\/x.com\/neeltrimarans\",\"https:\/\/www.instagram.com\/neeltrimarans_official\/\",\"https:\/\/www.youtube.com\/channel\/UCAFnRZZiNuug-k9TNDH_sEw\"]}]}<\/script>\n<!-- \/ Yoast SEO plugin. -->","yoast_head_json":{"title":"Programme - LEEN-TRIMARANS","description":"Les trimarans LEEN, sont des bateaux destin\u00e9es aux programme de Grand Voyage. Elargissez vos horizons \u00e0 bord d'un yacht unique au monde.","robots":{"index":"index","follow":"follow","max-snippet":"max-snippet:-1","max-image-preview":"max-image-preview:large","max-video-preview":"max-video-preview:-1"},"canonical":"https:\/\/leen-trimarans.com\/why-a-trimaran-leen\/program\/","og_locale":"fr_FR","og_type":"article","og_title":"Programme - LEEN-TRIMARANS","og_description":"Les trimarans LEEN, sont des bateaux destin\u00e9es aux programme de Grand Voyage. Elargissez vos horizons \u00e0 bord d'un yacht unique au monde.","og_url":"https:\/\/leen-trimarans.com\/why-a-trimaran-leen\/program\/","og_site_name":"LEEN-TRIMARANS","article_publisher":"https:\/\/www.facebook.com\/neeltrimarans\/","article_modified_time":"2021-05-27T15:00:00+00:00","og_image":[{"width":1900,"height":943,"url":"https:\/\/leen-trimarans.com\/wp-content\/uploads\/2020\/01\/programme.jpg","type":"image\/jpeg"}],"twitter_card":"summary_large_image","twitter_site":"@neeltrimarans","twitter_misc":{"Dur\u00e9e de lecture estim\u00e9e":"1 minute"},"schema":{"@context":"https:\/\/schema.org","@graph":[{"@type":"WebPage","@id":"https:\/\/leen-trimarans.com\/why-a-trimaran-leen\/program\/","url":"https:\/\/leen-trimarans.com\/why-a-trimaran-leen\/program\/","name":"Programme - LEEN-TRIMARANS","isPartOf":{"@id":"https:\/\/leen-trimarans.com\/#website"},"primaryImageOfPage":{"@id":"https:\/\/leen-trimarans.com\/why-a-trimaran-leen\/program\/#primaryimage"},"image":{"@id":"https:\/\/leen-trimarans.com\/why-a-trimaran-leen\/program\/#primaryimage"},"thumbnailUrl":"https:\/\/leen-trimarans.com\/wp-content\/uploads\/2020\/01\/programme.jpg","datePublished":"2019-08-23T14:16:47+00:00","dateModified":"2021-05-27T15:00:00+00:00","description":"Les trimarans LEEN, sont des bateaux destin\u00e9es aux programme de Grand Voyage. Elargissez vos horizons \u00e0 bord d'un yacht unique au monde.","breadcrumb":{"@id":"https:\/\/leen-trimarans.com\/why-a-trimaran-leen\/program\/#breadcrumb"},"inLanguage":"fr-FR","potentialAction":[{"@type":"ReadAction","target":["https:\/\/leen-trimarans.com\/why-a-trimaran-leen\/program\/"]}]},{"@type":"ImageObject","inLanguage":"fr-FR","@id":"https:\/\/leen-trimarans.com\/why-a-trimaran-leen\/program\/#primaryimage","url":"https:\/\/leen-trimarans.com\/wp-content\/uploads\/2020\/01\/programme.jpg","contentUrl":"https:\/\/leen-trimarans.com\/wp-content\/uploads\/2020\/01\/programme.jpg","width":1900,"height":943,"caption":"Carte du monde"},{"@type":"BreadcrumbList","@id":"https:\/\/leen-trimarans.com\/why-a-trimaran-leen\/program\/#breadcrumb","itemListElement":[{"@type":"ListItem","position":1,"name":"Home","item":"https:\/\/leen-trimarans.com\/fr\/"},{"@type":"ListItem","position":2,"name":"Pourquoi un trimaran LEEN ?","item":"https:\/\/leen-trimarans.com\/why-a-trimaran-leen\/"},{"@type":"ListItem","position":3,"name":"Programme"}]},{"@type":"WebSite","@id":"https:\/\/leen-trimarans.com\/#website","url":"https:\/\/leen-trimarans.com\/","name":"LEEN-TRIMARANS","description":"Just makes sense","publisher":{"@id":"https:\/\/leen-trimarans.com\/#organization"},"potentialAction":[{"@type":"SearchAction","target":{"@type":"EntryPoint","urlTemplate":"https:\/\/leen-trimarans.com\/?s={search_term_string}"},"query-input":{"@type":"PropertyValueSpecification","valueRequired":true,"valueName":"search_term_string"}}],"inLanguage":"fr-FR"},{"@type":"Organization","@id":"https:\/\/leen-trimarans.com\/#organization","name":"LEEN-TRIMARANS","url":"https:\/\/leen-trimarans.com\/","logo":{"@type":"ImageObject","inLanguage":"fr-FR","@id":"https:\/\/leen-trimarans.com\/#\/schema\/logo\/image\/","url":"","contentUrl":"","caption":"LEEN-TRIMARANS"},"image":{"@id":"https:\/\/leen-trimarans.com\/#\/schema\/logo\/image\/"},"sameAs":["https:\/\/www.facebook.com\/neeltrimarans\/","https:\/\/x.com\/neeltrimarans","https:\/\/www.instagram.com\/neeltrimarans_official\/","https:\/\/www.youtube.com\/channel\/UCAFnRZZiNuug-k9TNDH_sEw"]}]}},"_links":{"self":[{"href":"https:\/\/leen-trimarans.com\/fr\/wp-json\/wp\/v2\/pages\/8260","targetHints":{"allow":["GET"]}}],"collection":[{"href":"https:\/\/leen-trimarans.com\/fr\/wp-json\/wp\/v2\/pages"}],"about":[{"href":"https:\/\/leen-trimarans.com\/fr\/wp-json\/wp\/v2\/types\/page"}],"author":[{"embeddable":true,"href":"https:\/\/leen-trimarans.com\/fr\/wp-json\/wp\/v2\/users\/1"}],"replies":[{"embeddable":true,"href":"https:\/\/leen-trimarans.com\/fr\/wp-json\/wp\/v2\/comments?post=8260"}],"version-history":[{"count":5,"href":"https:\/\/leen-trimarans.com\/fr\/wp-json\/wp\/v2\/pages\/8260\/revisions"}],"predecessor-version":[{"id":14471,"href":"https:\/\/leen-trimarans.com\/fr\/wp-json\/wp\/v2\/pages\/8260\/revisions\/14471"}],"up":[{"embeddable":true,"href":"https:\/\/leen-trimarans.com\/fr\/wp-json\/wp\/v2\/pages\/8236"}],"wp:featuredmedia":[{"embeddable":true,"href":"https:\/\/leen-trimarans.com\/fr\/wp-json\/wp\/v2\/media\/10329"}],"wp:attachment":[{"href":"https:\/\/leen-trimarans.com\/fr\/wp-json\/wp\/v2\/media?parent=8260"}],"curies":[{"name":"wp","href":"https:\/\/api.w.org\/{rel}","templated":true}]}}