{"id":8255,"date":"2016-01-21T16:37:38","date_gmt":"2016-01-21T15:37:34","guid":{"rendered":"http:\/\/leen-trimarans.com\/pourquoi-un-trimaran-neel\/construction\/"},"modified":"2020-04-30T10:26:39","modified_gmt":"2020-04-30T09:26:39","slug":"eco-responsabilite","status":"publish","type":"page","link":"https:\/\/leen-trimarans.com\/fr\/pourquoi-un-trimaran-leen\/eco-responsabilite\/","title":{"rendered":"Eco-responsabilit\u00e9"},"content":{"rendered":"\t\t<div data-elementor-type=\"wp-page\" data-elementor-id=\"8255\" class=\"elementor elementor-8255 elementor-171\" data-elementor-post-type=\"page\">\n\t\t\t\t\t\t<section class=\"elementor-section elementor-top-section elementor-element elementor-element-2f5fae1f section_breadcrum_neel elementor-section-boxed elementor-section-height-default elementor-section-height-default\" data-id=\"2f5fae1f\" data-element_type=\"section\" data-e-type=\"section\">\n\t\t\t\t\t\t<div class=\"elementor-container elementor-column-gap-default\">\n\t\t\t\t\t<div class=\"elementor-column elementor-col-100 elementor-top-column elementor-element elementor-element-2e133df5\" data-id=\"2e133df5\" data-element_type=\"column\" data-e-type=\"column\">\n\t\t\t<div class=\"elementor-widget-wrap elementor-element-populated\">\n\t\t\t\t\t\t<div class=\"elementor-element elementor-element-65a26c28 breadcrum_neel elementor-widget elementor-widget-wp-widget-bcn_widget\" data-id=\"65a26c28\" data-element_type=\"widget\" data-e-type=\"widget\" data-widget_type=\"wp-widget-bcn_widget.default\">\n\t\t\t\t<div class=\"elementor-widget-container\">\n\t\t\t\t\t<div class=\"breadcrumbs\" vocab=\"https:\/\/schema.org\/\" typeof=\"BreadcrumbList\"><span property=\"itemListElement\" typeof=\"ListItem\"><a property=\"item\" typeof=\"WebPage\" title=\"Aller \u00e0 LEEN-TRIMARANS.\" href=\"https:\/\/leen-trimarans.com\/fr\/\" class=\"home\" aria-current=\"page\"><span property=\"name\">LEEN-TRIMARANS<\/span><\/a><meta property=\"position\" content=\"1\"><\/span><\/div>\t\t\t\t<\/div>\n\t\t\t\t<\/div>\n\t\t\t\t\t<\/div>\n\t\t<\/div>\n\t\t\t\t\t<\/div>\n\t\t<\/section>\n\t\t\t\t<section class=\"elementor-section elementor-top-section elementor-element elementor-element-1b02bf99 elementor-section-boxed elementor-section-height-default elementor-section-height-default\" data-id=\"1b02bf99\" data-element_type=\"section\" data-e-type=\"section\">\n\t\t\t\t\t\t<div class=\"elementor-container elementor-column-gap-default\">\n\t\t\t\t\t<div class=\"elementor-column elementor-col-50 elementor-top-column elementor-element elementor-element-18f485d2\" data-id=\"18f485d2\" data-element_type=\"column\" data-e-type=\"column\">\n\t\t\t<div class=\"elementor-widget-wrap elementor-element-populated\">\n\t\t\t\t\t\t<div class=\"elementor-element elementor-element-cfd9a77 elementor-widget elementor-widget-image\" data-id=\"cfd9a77\" data-element_type=\"widget\" data-e-type=\"widget\" data-widget_type=\"image.default\">\n\t\t\t\t<div class=\"elementor-widget-container\">\n\t\t\t\t\t\t\t\t\t\t\t\t\t\t\t<img fetchpriority=\"high\" decoding=\"async\" width=\"600\" height=\"442\" src=\"https:\/\/leen-trimarans.com\/wp-content\/uploads\/2020\/02\/pourquoi-un-trimaran-leen.jpg\" class=\"attachment-full size-full wp-image-11369\" alt=\"Pourquoi un trimaran LEEN ? 2\" srcset=\"https:\/\/leen-trimarans.com\/wp-content\/uploads\/2020\/02\/pourquoi-un-trimaran-leen.jpg 600w, https:\/\/leen-trimarans.com\/wp-content\/uploads\/2020\/02\/pourquoi-un-trimaran-leen-300x221.jpg 300w\" sizes=\"(max-width: 600px) 100vw, 600px\" \/>\t\t\t\t\t\t\t\t\t\t\t\t\t\t\t<\/div>\n\t\t\t\t<\/div>\n\t\t\t\t\t<\/div>\n\t\t<\/div>\n\t\t\t\t<div class=\"elementor-column elementor-col-50 elementor-top-column elementor-element elementor-element-e6bf4dc\" data-id=\"e6bf4dc\" data-element_type=\"column\" data-e-type=\"column\">\n\t\t\t<div class=\"elementor-widget-wrap elementor-element-populated\">\n\t\t\t\t\t\t<div class=\"elementor-element elementor-element-a263bad elementor-widget elementor-widget-text-editor\" data-id=\"a263bad\" data-element_type=\"widget\" data-e-type=\"widget\" data-widget_type=\"text-editor.default\">\n\t\t\t\t<div class=\"elementor-widget-container\">\n\t\t\t\t\t\t\t\t\t<p>Les \u00e9quipes de NEEL-TRIMARANS sont engag\u00e9es de longue date dans le d\u00e9veloppement des \u00e9nergies renouvelables, notamment avec le lancement en 2018 du NEEL 51 NOOS, dot\u00e9 d\u2019un moteur hybride.<\/p><p>Cette approche explique la place laiss\u00e9e aux panneaux solaires \u00e0 bord et limite le risque d\u2019obsolescence programm\u00e9e des mat\u00e9riels et des \u00e9quipements install\u00e9s, qui sont s\u00e9lectionn\u00e9s et test\u00e9s pour leur fiabilit\u00e9 et leur durabilit\u00e9.<\/p>\t\t\t\t\t\t\t\t<\/div>\n\t\t\t\t<\/div>\n\t\t\t\t\t<\/div>\n\t\t<\/div>\n\t\t\t\t\t<\/div>\n\t\t<\/section>\n\t\t\t\t<section class=\"elementor-section elementor-top-section elementor-element elementor-element-7592170 elementor-section-boxed elementor-section-height-default elementor-section-height-default\" data-id=\"7592170\" data-element_type=\"section\" data-e-type=\"section\">\n\t\t\t\t\t\t<div class=\"elementor-container elementor-column-gap-default\">\n\t\t\t\t\t<div class=\"elementor-column elementor-col-100 elementor-top-column elementor-element elementor-element-06eb7c9\" data-id=\"06eb7c9\" data-element_type=\"column\" data-e-type=\"column\">\n\t\t\t<div class=\"elementor-widget-wrap elementor-element-populated\">\n\t\t\t\t\t\t<div class=\"elementor-element elementor-element-7aa021b elementor-widget elementor-widget-html\" data-id=\"7aa021b\" data-element_type=\"widget\" data-e-type=\"widget\" data-widget_type=\"html.default\">\n\t\t\t\t<div class=\"elementor-widget-container\">\n\t\t\t\t\t<div class=\"section__headline\"><\/div>\t\t\t\t<\/div>\n\t\t\t\t<\/div>\n\t\t\t\t\t<\/div>\n\t\t<\/div>\n\t\t\t\t\t<\/div>\n\t\t<\/section>\n\t\t\t\t<\/div>\n\t\t","protected":false},"excerpt":{"rendered":"<p>Les \u00e9quipes de NEEL-TRIMARANS sont engag\u00e9es de longue date dans le d\u00e9veloppement des \u00e9nergies renouvelables, notamment avec le lancement en 2018 du NEEL 51 NOOS, dot\u00e9 d\u2019un moteur hybride. Cette approche explique la place laiss\u00e9e aux panneaux solaires \u00e0 bord et limite le risque d\u2019obsolescence programm\u00e9e des mat\u00e9riels et des \u00e9quipements install\u00e9s, qui sont s\u00e9lectionn\u00e9s [&hellip;]<\/p>\n","protected":false},"author":1,"featured_media":0,"parent":8236,"menu_order":5,"comment_status":"closed","ping_status":"closed","template":"page_content_neel.php","meta":{"_acf_changed":false,"footnotes":""},"class_list":["post-8255","page","type-page","status-publish","hentry"],"acf":[],"yoast_head":"<!-- This site is optimized with the Yoast SEO plugin v27.2 - https:\/\/yoast.com\/product\/yoast-seo-wordpress\/ -->\n<title>Eco-responsabilit\u00e9 - LEEN-TRIMARANS<\/title>\n<meta name=\"description\" content=\"Concepts worked out with high-performance design offices to achieve an efficient and optimised construction.\" \/>\n<meta name=\"robots\" content=\"index, follow, max-snippet:-1, max-image-preview:large, max-video-preview:-1\" \/>\n<link rel=\"canonical\" href=\"https:\/\/leen-trimarans.com\/why-a-trimaran-leen\/eco-responsability\/\" \/>\n<meta property=\"og:locale\" content=\"fr_FR\" \/>\n<meta property=\"og:type\" content=\"article\" \/>\n<meta property=\"og:title\" content=\"Eco-responsabilit\u00e9 - LEEN-TRIMARANS\" \/>\n<meta property=\"og:description\" content=\"Concepts worked out with high-performance design offices to achieve an efficient and optimised construction.\" \/>\n<meta property=\"og:url\" content=\"https:\/\/leen-trimarans.com\/why-a-trimaran-leen\/eco-responsability\/\" \/>\n<meta property=\"og:site_name\" content=\"LEEN-TRIMARANS\" \/>\n<meta property=\"article:publisher\" content=\"https:\/\/www.facebook.com\/neeltrimarans\/\" \/>\n<meta property=\"article:modified_time\" content=\"2020-04-30T09:26:39+00:00\" \/>\n<meta property=\"og:image\" content=\"https:\/\/leen-trimarans.com\/wp-content\/uploads\/2020\/02\/pourquoi-un-trimaran-leen.jpg\" \/>\n<meta name=\"twitter:card\" content=\"summary_large_image\" \/>\n<meta name=\"twitter:site\" content=\"@neeltrimarans\" \/>\n<script type=\"application\/ld+json\" class=\"yoast-schema-graph\">{\"@context\":\"https:\/\/schema.org\",\"@graph\":[{\"@type\":\"WebPage\",\"@id\":\"https:\/\/leen-trimarans.com\/why-a-trimaran-leen\/eco-responsability\/\",\"url\":\"https:\/\/leen-trimarans.com\/why-a-trimaran-leen\/eco-responsability\/\",\"name\":\"Eco-responsabilit\u00e9 - LEEN-TRIMARANS\",\"isPartOf\":{\"@id\":\"https:\/\/leen-trimarans.com\/#website\"},\"primaryImageOfPage\":{\"@id\":\"https:\/\/leen-trimarans.com\/why-a-trimaran-leen\/eco-responsability\/#primaryimage\"},\"image\":{\"@id\":\"https:\/\/leen-trimarans.com\/why-a-trimaran-leen\/eco-responsability\/#primaryimage\"},\"thumbnailUrl\":\"https:\/\/leen-trimarans.com\/wp-content\/uploads\/2020\/02\/pourquoi-un-trimaran-leen.jpg\",\"datePublished\":\"2016-01-21T15:37:34+00:00\",\"dateModified\":\"2020-04-30T09:26:39+00:00\",\"description\":\"Concepts worked out with high-performance design offices to achieve an efficient and optimised construction.\",\"breadcrumb\":{\"@id\":\"https:\/\/leen-trimarans.com\/why-a-trimaran-leen\/eco-responsability\/#breadcrumb\"},\"inLanguage\":\"fr-FR\",\"potentialAction\":[{\"@type\":\"ReadAction\",\"target\":[\"https:\/\/leen-trimarans.com\/why-a-trimaran-leen\/eco-responsability\/\"]}]},{\"@type\":\"ImageObject\",\"inLanguage\":\"fr-FR\",\"@id\":\"https:\/\/leen-trimarans.com\/why-a-trimaran-leen\/eco-responsability\/#primaryimage\",\"url\":\"https:\/\/leen-trimarans.com\/wp-content\/uploads\/2020\/02\/pourquoi-un-trimaran-leen.jpg\",\"contentUrl\":\"https:\/\/leen-trimarans.com\/wp-content\/uploads\/2020\/02\/pourquoi-un-trimaran-leen.jpg\"},{\"@type\":\"BreadcrumbList\",\"@id\":\"https:\/\/leen-trimarans.com\/why-a-trimaran-leen\/eco-responsability\/#breadcrumb\",\"itemListElement\":[{\"@type\":\"ListItem\",\"position\":1,\"name\":\"Home\",\"item\":\"https:\/\/leen-trimarans.com\/fr\/\"},{\"@type\":\"ListItem\",\"position\":2,\"name\":\"Pourquoi un trimaran LEEN ?\",\"item\":\"https:\/\/leen-trimarans.com\/why-a-trimaran-leen\/\"},{\"@type\":\"ListItem\",\"position\":3,\"name\":\"Eco-responsabilit\u00e9\"}]},{\"@type\":\"WebSite\",\"@id\":\"https:\/\/leen-trimarans.com\/#website\",\"url\":\"https:\/\/leen-trimarans.com\/\",\"name\":\"LEEN-TRIMARANS\",\"description\":\"Just makes sense\",\"publisher\":{\"@id\":\"https:\/\/leen-trimarans.com\/#organization\"},\"potentialAction\":[{\"@type\":\"SearchAction\",\"target\":{\"@type\":\"EntryPoint\",\"urlTemplate\":\"https:\/\/leen-trimarans.com\/?s={search_term_string}\"},\"query-input\":{\"@type\":\"PropertyValueSpecification\",\"valueRequired\":true,\"valueName\":\"search_term_string\"}}],\"inLanguage\":\"fr-FR\"},{\"@type\":\"Organization\",\"@id\":\"https:\/\/leen-trimarans.com\/#organization\",\"name\":\"LEEN-TRIMARANS\",\"url\":\"https:\/\/leen-trimarans.com\/\",\"logo\":{\"@type\":\"ImageObject\",\"inLanguage\":\"fr-FR\",\"@id\":\"https:\/\/leen-trimarans.com\/#\/schema\/logo\/image\/\",\"url\":\"\",\"contentUrl\":\"\",\"caption\":\"LEEN-TRIMARANS\"},\"image\":{\"@id\":\"https:\/\/leen-trimarans.com\/#\/schema\/logo\/image\/\"},\"sameAs\":[\"https:\/\/www.facebook.com\/neeltrimarans\/\",\"https:\/\/x.com\/neeltrimarans\",\"https:\/\/www.instagram.com\/neeltrimarans_official\/\",\"https:\/\/www.youtube.com\/channel\/UCAFnRZZiNuug-k9TNDH_sEw\"]}]}<\/script>\n<!-- \/ Yoast SEO plugin. -->","yoast_head_json":{"title":"Eco-responsabilit\u00e9 - LEEN-TRIMARANS","description":"Concepts worked out with high-performance design offices to achieve an efficient and optimised construction.","robots":{"index":"index","follow":"follow","max-snippet":"max-snippet:-1","max-image-preview":"max-image-preview:large","max-video-preview":"max-video-preview:-1"},"canonical":"https:\/\/leen-trimarans.com\/why-a-trimaran-leen\/eco-responsability\/","og_locale":"fr_FR","og_type":"article","og_title":"Eco-responsabilit\u00e9 - LEEN-TRIMARANS","og_description":"Concepts worked out with high-performance design offices to achieve an efficient and optimised construction.","og_url":"https:\/\/leen-trimarans.com\/why-a-trimaran-leen\/eco-responsability\/","og_site_name":"LEEN-TRIMARANS","article_publisher":"https:\/\/www.facebook.com\/neeltrimarans\/","article_modified_time":"2020-04-30T09:26:39+00:00","og_image":[{"url":"https:\/\/leen-trimarans.com\/wp-content\/uploads\/2020\/02\/pourquoi-un-trimaran-leen.jpg","type":"","width":"","height":""}],"twitter_card":"summary_large_image","twitter_site":"@neeltrimarans","schema":{"@context":"https:\/\/schema.org","@graph":[{"@type":"WebPage","@id":"https:\/\/leen-trimarans.com\/why-a-trimaran-leen\/eco-responsability\/","url":"https:\/\/leen-trimarans.com\/why-a-trimaran-leen\/eco-responsability\/","name":"Eco-responsabilit\u00e9 - LEEN-TRIMARANS","isPartOf":{"@id":"https:\/\/leen-trimarans.com\/#website"},"primaryImageOfPage":{"@id":"https:\/\/leen-trimarans.com\/why-a-trimaran-leen\/eco-responsability\/#primaryimage"},"image":{"@id":"https:\/\/leen-trimarans.com\/why-a-trimaran-leen\/eco-responsability\/#primaryimage"},"thumbnailUrl":"https:\/\/leen-trimarans.com\/wp-content\/uploads\/2020\/02\/pourquoi-un-trimaran-leen.jpg","datePublished":"2016-01-21T15:37:34+00:00","dateModified":"2020-04-30T09:26:39+00:00","description":"Concepts worked out with high-performance design offices to achieve an efficient and optimised construction.","breadcrumb":{"@id":"https:\/\/leen-trimarans.com\/why-a-trimaran-leen\/eco-responsability\/#breadcrumb"},"inLanguage":"fr-FR","potentialAction":[{"@type":"ReadAction","target":["https:\/\/leen-trimarans.com\/why-a-trimaran-leen\/eco-responsability\/"]}]},{"@type":"ImageObject","inLanguage":"fr-FR","@id":"https:\/\/leen-trimarans.com\/why-a-trimaran-leen\/eco-responsability\/#primaryimage","url":"https:\/\/leen-trimarans.com\/wp-content\/uploads\/2020\/02\/pourquoi-un-trimaran-leen.jpg","contentUrl":"https:\/\/leen-trimarans.com\/wp-content\/uploads\/2020\/02\/pourquoi-un-trimaran-leen.jpg"},{"@type":"BreadcrumbList","@id":"https:\/\/leen-trimarans.com\/why-a-trimaran-leen\/eco-responsability\/#breadcrumb","itemListElement":[{"@type":"ListItem","position":1,"name":"Home","item":"https:\/\/leen-trimarans.com\/fr\/"},{"@type":"ListItem","position":2,"name":"Pourquoi un trimaran LEEN ?","item":"https:\/\/leen-trimarans.com\/why-a-trimaran-leen\/"},{"@type":"ListItem","position":3,"name":"Eco-responsabilit\u00e9"}]},{"@type":"WebSite","@id":"https:\/\/leen-trimarans.com\/#website","url":"https:\/\/leen-trimarans.com\/","name":"LEEN-TRIMARANS","description":"Just makes sense","publisher":{"@id":"https:\/\/leen-trimarans.com\/#organization"},"potentialAction":[{"@type":"SearchAction","target":{"@type":"EntryPoint","urlTemplate":"https:\/\/leen-trimarans.com\/?s={search_term_string}"},"query-input":{"@type":"PropertyValueSpecification","valueRequired":true,"valueName":"search_term_string"}}],"inLanguage":"fr-FR"},{"@type":"Organization","@id":"https:\/\/leen-trimarans.com\/#organization","name":"LEEN-TRIMARANS","url":"https:\/\/leen-trimarans.com\/","logo":{"@type":"ImageObject","inLanguage":"fr-FR","@id":"https:\/\/leen-trimarans.com\/#\/schema\/logo\/image\/","url":"","contentUrl":"","caption":"LEEN-TRIMARANS"},"image":{"@id":"https:\/\/leen-trimarans.com\/#\/schema\/logo\/image\/"},"sameAs":["https:\/\/www.facebook.com\/neeltrimarans\/","https:\/\/x.com\/neeltrimarans","https:\/\/www.instagram.com\/neeltrimarans_official\/","https:\/\/www.youtube.com\/channel\/UCAFnRZZiNuug-k9TNDH_sEw"]}]}},"_links":{"self":[{"href":"https:\/\/leen-trimarans.com\/fr\/wp-json\/wp\/v2\/pages\/8255","targetHints":{"allow":["GET"]}}],"collection":[{"href":"https:\/\/leen-trimarans.com\/fr\/wp-json\/wp\/v2\/pages"}],"about":[{"href":"https:\/\/leen-trimarans.com\/fr\/wp-json\/wp\/v2\/types\/page"}],"author":[{"embeddable":true,"href":"https:\/\/leen-trimarans.com\/fr\/wp-json\/wp\/v2\/users\/1"}],"replies":[{"embeddable":true,"href":"https:\/\/leen-trimarans.com\/fr\/wp-json\/wp\/v2\/comments?post=8255"}],"version-history":[{"count":5,"href":"https:\/\/leen-trimarans.com\/fr\/wp-json\/wp\/v2\/pages\/8255\/revisions"}],"predecessor-version":[{"id":12273,"href":"https:\/\/leen-trimarans.com\/fr\/wp-json\/wp\/v2\/pages\/8255\/revisions\/12273"}],"up":[{"embeddable":true,"href":"https:\/\/leen-trimarans.com\/fr\/wp-json\/wp\/v2\/pages\/8236"}],"wp:attachment":[{"href":"https:\/\/leen-trimarans.com\/fr\/wp-json\/wp\/v2\/media?parent=8255"}],"curies":[{"name":"wp","href":"https:\/\/api.w.org\/{rel}","templated":true}]}}