{"id":8248,"date":"2016-01-21T16:36:38","date_gmt":"2016-01-21T15:36:45","guid":{"rendered":"http:\/\/leen-trimarans.com\/pourquoi-un-trimaran-neel\/performance\/"},"modified":"2022-11-24T17:19:35","modified_gmt":"2022-11-24T16:19:35","slug":"motorisation","status":"publish","type":"page","link":"https:\/\/leen-trimarans.com\/fr\/pourquoi-un-trimaran-leen\/motorisation\/","title":{"rendered":"Motorisation"},"content":{"rendered":"\t\t<div data-elementor-type=\"wp-page\" data-elementor-id=\"8248\" class=\"elementor elementor-8248 elementor-172\" data-elementor-post-type=\"page\">\n\t\t\t\t\t\t<section class=\"elementor-section elementor-top-section elementor-element elementor-element-4e45b489 section_breadcrum_neel elementor-section-boxed elementor-section-height-default elementor-section-height-default\" data-id=\"4e45b489\" data-element_type=\"section\" data-e-type=\"section\">\n\t\t\t\t\t\t<div class=\"elementor-container elementor-column-gap-default\">\n\t\t\t\t\t<div class=\"elementor-column elementor-col-100 elementor-top-column elementor-element elementor-element-36510795\" data-id=\"36510795\" data-element_type=\"column\" data-e-type=\"column\">\n\t\t\t<div class=\"elementor-widget-wrap elementor-element-populated\">\n\t\t\t\t\t\t<div class=\"elementor-element elementor-element-6b21104b breadcrum_neel elementor-widget elementor-widget-wp-widget-bcn_widget\" data-id=\"6b21104b\" data-element_type=\"widget\" data-e-type=\"widget\" data-widget_type=\"wp-widget-bcn_widget.default\">\n\t\t\t\t<div class=\"elementor-widget-container\">\n\t\t\t\t\t<div class=\"breadcrumbs\" vocab=\"https:\/\/schema.org\/\" typeof=\"BreadcrumbList\"><span property=\"itemListElement\" typeof=\"ListItem\"><a property=\"item\" typeof=\"WebPage\" title=\"Aller \u00e0 LEEN-TRIMARANS.\" href=\"https:\/\/leen-trimarans.com\/fr\/\" class=\"home\" aria-current=\"page\"><span property=\"name\">LEEN-TRIMARANS<\/span><\/a><meta property=\"position\" content=\"1\"><\/span><\/div>\t\t\t\t<\/div>\n\t\t\t\t<\/div>\n\t\t\t\t\t<\/div>\n\t\t<\/div>\n\t\t\t\t\t<\/div>\n\t\t<\/section>\n\t\t\t\t<section class=\"elementor-section elementor-top-section elementor-element elementor-element-179cffe0 elementor-section-boxed elementor-section-height-default elementor-section-height-default\" data-id=\"179cffe0\" data-element_type=\"section\" data-e-type=\"section\">\n\t\t\t\t\t\t<div class=\"elementor-container elementor-column-gap-default\">\n\t\t\t\t\t<div class=\"elementor-column elementor-col-50 elementor-top-column elementor-element elementor-element-78ff46fc\" data-id=\"78ff46fc\" data-element_type=\"column\" data-e-type=\"column\">\n\t\t\t<div class=\"elementor-widget-wrap elementor-element-populated\">\n\t\t\t\t\t\t<div class=\"elementor-element elementor-element-136c961 elementor-widget elementor-widget-image\" data-id=\"136c961\" data-element_type=\"widget\" data-e-type=\"widget\" data-widget_type=\"image.default\">\n\t\t\t\t<div class=\"elementor-widget-container\">\n\t\t\t\t\t\t\t\t\t\t\t\t\t\t\t<img fetchpriority=\"high\" decoding=\"async\" width=\"2000\" height=\"1333\" src=\"https:\/\/leen-trimarans.com\/wp-content\/uploads\/2022\/11\/motorisation-3.jpg\" class=\"attachment-full size-full wp-image-16423\" alt=\"Motorisation\" srcset=\"https:\/\/leen-trimarans.com\/wp-content\/uploads\/2022\/11\/motorisation-3.jpg 2000w, https:\/\/leen-trimarans.com\/wp-content\/uploads\/2022\/11\/motorisation-3-300x200.jpg 300w, https:\/\/leen-trimarans.com\/wp-content\/uploads\/2022\/11\/motorisation-3-1024x682.jpg 1024w, https:\/\/leen-trimarans.com\/wp-content\/uploads\/2022\/11\/motorisation-3-1536x1024.jpg 1536w\" sizes=\"(max-width: 2000px) 100vw, 2000px\" \/>\t\t\t\t\t\t\t\t\t\t\t\t\t\t\t<\/div>\n\t\t\t\t<\/div>\n\t\t\t\t\t<\/div>\n\t\t<\/div>\n\t\t\t\t<div class=\"elementor-column elementor-col-50 elementor-top-column elementor-element elementor-element-fb6e7aa\" data-id=\"fb6e7aa\" data-element_type=\"column\" data-e-type=\"column\">\n\t\t\t<div class=\"elementor-widget-wrap elementor-element-populated\">\n\t\t\t\t\t\t<div class=\"elementor-element elementor-element-6159965 elementor-widget elementor-widget-text-editor\" data-id=\"6159965\" data-element_type=\"widget\" data-e-type=\"widget\" data-widget_type=\"text-editor.default\">\n\t\t\t\t<div class=\"elementor-widget-container\">\n\t\t\t\t\t\t\t\t\t<p>Nos <strong>trimarans hybrides trawler yachts<\/strong> sont \u00e9quip\u00e9s d&#8217;un syst\u00e8me de propulsion innovant, performant et tr\u00e8s fiable. Gr\u00e2ce aux 2 moteurs \u00e9lectriques sur les coques ext\u00e9rieures, et \u00e0 un moteur thermique central sur la coque principale, les trimarans LEEN disposent d&#8217;une propulsion adapt\u00e9e \u00e0 toutes les situations et \u00e0 tous les programmes de navigation.\u00a0<\/p><p>Le moteur diesel assure la propulsion principale.<\/p><p>Les <strong>moteurs \u00e9lectriques<\/strong> sont utilis\u00e9s :<\/p><ul><li>Soient coupl\u00e9s au moteur diesel pendant les man\u0153uvres de port (ils remplacent ainsi le propulseur d\u2019\u00e9trave),<\/li><li>Soient en motorisation \u00e9lectrique silencieuse pour quitter un mouillage,<\/li><li>Soient en motorisation d\u2019appoint lorsqu\u2019ils sont coupl\u00e9s au groupe \u00e9lectrog\u00e8ne.<\/li><\/ul><p>La gamme LEEN-TRIMARANS permet une autonomie de 4000 miles nautiques en vitesse \u00e9co et 2500 miles nautiques en vitesse de croisi\u00e8re.<\/p><p>En vitesse de croisi\u00e8re, le LEEN 56 consomme moins de 2l \/ mille.<\/p>\t\t\t\t\t\t\t\t<\/div>\n\t\t\t\t<\/div>\n\t\t\t\t\t<\/div>\n\t\t<\/div>\n\t\t\t\t\t<\/div>\n\t\t<\/section>\n\t\t\t\t<\/div>\n\t\t","protected":false},"excerpt":{"rendered":"<p>Nos trimarans hybrides trawler yachts sont \u00e9quip\u00e9s d&#8217;un syst\u00e8me de propulsion innovant, performant et tr\u00e8s fiable. Gr\u00e2ce aux 2 moteurs \u00e9lectriques sur les coques ext\u00e9rieures, et \u00e0 un moteur thermique central sur la coque principale, les trimarans LEEN disposent d&#8217;une propulsion adapt\u00e9e \u00e0 toutes les situations et \u00e0 tous les programmes de navigation.\u00a0 Le moteur [&hellip;]<\/p>\n","protected":false},"author":1,"featured_media":10102,"parent":8236,"menu_order":4,"comment_status":"closed","ping_status":"closed","template":"page_content_neel.php","meta":{"_acf_changed":false,"footnotes":""},"class_list":["post-8248","page","type-page","status-publish","has-post-thumbnail","hentry"],"acf":[],"yoast_head":"<!-- This site is optimized with the Yoast SEO plugin v27.2 - https:\/\/yoast.com\/product\/yoast-seo-wordpress\/ -->\n<title>Motorisation - LEEN-TRIMARANS<\/title>\n<meta name=\"description\" content=\"Les triamrans LEEN sont dot\u00e9s d\u2019une motorisation hybride \u00ab heavy duty \u00bb.\" \/>\n<meta name=\"robots\" content=\"index, follow, max-snippet:-1, max-image-preview:large, max-video-preview:-1\" \/>\n<link rel=\"canonical\" href=\"https:\/\/leen-trimarans.com\/why-a-trimaran-leen\/engine-type\/\" \/>\n<meta property=\"og:locale\" content=\"fr_FR\" \/>\n<meta property=\"og:type\" content=\"article\" \/>\n<meta property=\"og:title\" content=\"Motorisation - LEEN-TRIMARANS\" \/>\n<meta property=\"og:description\" content=\"Les triamrans LEEN sont dot\u00e9s d\u2019une motorisation hybride \u00ab heavy duty \u00bb.\" \/>\n<meta property=\"og:url\" content=\"https:\/\/leen-trimarans.com\/why-a-trimaran-leen\/engine-type\/\" \/>\n<meta property=\"og:site_name\" content=\"LEEN-TRIMARANS\" \/>\n<meta property=\"article:publisher\" content=\"https:\/\/www.facebook.com\/neeltrimarans\/\" \/>\n<meta property=\"article:modified_time\" content=\"2022-11-24T16:19:35+00:00\" \/>\n<meta property=\"og:image\" content=\"https:\/\/leen-trimarans.com\/wp-content\/uploads\/2020\/01\/motorisation-2.jpg\" \/>\n\t<meta property=\"og:image:width\" content=\"1920\" \/>\n\t<meta property=\"og:image:height\" content=\"1271\" \/>\n\t<meta property=\"og:image:type\" content=\"image\/jpeg\" \/>\n<meta name=\"twitter:card\" content=\"summary_large_image\" \/>\n<meta name=\"twitter:site\" content=\"@neeltrimarans\" \/>\n<meta name=\"twitter:label1\" content=\"Dur\u00e9e de lecture estim\u00e9e\" \/>\n\t<meta name=\"twitter:data1\" content=\"1 minute\" \/>\n<script type=\"application\/ld+json\" class=\"yoast-schema-graph\">{\"@context\":\"https:\/\/schema.org\",\"@graph\":[{\"@type\":\"WebPage\",\"@id\":\"https:\/\/leen-trimarans.com\/why-a-trimaran-leen\/engine-type\/\",\"url\":\"https:\/\/leen-trimarans.com\/why-a-trimaran-leen\/engine-type\/\",\"name\":\"Motorisation - LEEN-TRIMARANS\",\"isPartOf\":{\"@id\":\"https:\/\/leen-trimarans.com\/#website\"},\"primaryImageOfPage\":{\"@id\":\"https:\/\/leen-trimarans.com\/why-a-trimaran-leen\/engine-type\/#primaryimage\"},\"image\":{\"@id\":\"https:\/\/leen-trimarans.com\/why-a-trimaran-leen\/engine-type\/#primaryimage\"},\"thumbnailUrl\":\"https:\/\/leen-trimarans.com\/wp-content\/uploads\/2020\/01\/motorisation-2.jpg\",\"datePublished\":\"2016-01-21T15:36:45+00:00\",\"dateModified\":\"2022-11-24T16:19:35+00:00\",\"description\":\"Les triamrans LEEN sont dot\u00e9s d\u2019une motorisation hybride \u00ab heavy duty \u00bb.\",\"breadcrumb\":{\"@id\":\"https:\/\/leen-trimarans.com\/why-a-trimaran-leen\/engine-type\/#breadcrumb\"},\"inLanguage\":\"fr-FR\",\"potentialAction\":[{\"@type\":\"ReadAction\",\"target\":[\"https:\/\/leen-trimarans.com\/why-a-trimaran-leen\/engine-type\/\"]}]},{\"@type\":\"ImageObject\",\"inLanguage\":\"fr-FR\",\"@id\":\"https:\/\/leen-trimarans.com\/why-a-trimaran-leen\/engine-type\/#primaryimage\",\"url\":\"https:\/\/leen-trimarans.com\/wp-content\/uploads\/2020\/01\/motorisation-2.jpg\",\"contentUrl\":\"https:\/\/leen-trimarans.com\/wp-content\/uploads\/2020\/01\/motorisation-2.jpg\",\"width\":1920,\"height\":1271,\"caption\":\"Motorisation 6\"},{\"@type\":\"BreadcrumbList\",\"@id\":\"https:\/\/leen-trimarans.com\/why-a-trimaran-leen\/engine-type\/#breadcrumb\",\"itemListElement\":[{\"@type\":\"ListItem\",\"position\":1,\"name\":\"Home\",\"item\":\"https:\/\/leen-trimarans.com\/fr\/\"},{\"@type\":\"ListItem\",\"position\":2,\"name\":\"Pourquoi un trimaran LEEN ?\",\"item\":\"https:\/\/leen-trimarans.com\/why-a-trimaran-leen\/\"},{\"@type\":\"ListItem\",\"position\":3,\"name\":\"Motorisation\"}]},{\"@type\":\"WebSite\",\"@id\":\"https:\/\/leen-trimarans.com\/#website\",\"url\":\"https:\/\/leen-trimarans.com\/\",\"name\":\"LEEN-TRIMARANS\",\"description\":\"Just makes sense\",\"publisher\":{\"@id\":\"https:\/\/leen-trimarans.com\/#organization\"},\"potentialAction\":[{\"@type\":\"SearchAction\",\"target\":{\"@type\":\"EntryPoint\",\"urlTemplate\":\"https:\/\/leen-trimarans.com\/?s={search_term_string}\"},\"query-input\":{\"@type\":\"PropertyValueSpecification\",\"valueRequired\":true,\"valueName\":\"search_term_string\"}}],\"inLanguage\":\"fr-FR\"},{\"@type\":\"Organization\",\"@id\":\"https:\/\/leen-trimarans.com\/#organization\",\"name\":\"LEEN-TRIMARANS\",\"url\":\"https:\/\/leen-trimarans.com\/\",\"logo\":{\"@type\":\"ImageObject\",\"inLanguage\":\"fr-FR\",\"@id\":\"https:\/\/leen-trimarans.com\/#\/schema\/logo\/image\/\",\"url\":\"\",\"contentUrl\":\"\",\"caption\":\"LEEN-TRIMARANS\"},\"image\":{\"@id\":\"https:\/\/leen-trimarans.com\/#\/schema\/logo\/image\/\"},\"sameAs\":[\"https:\/\/www.facebook.com\/neeltrimarans\/\",\"https:\/\/x.com\/neeltrimarans\",\"https:\/\/www.instagram.com\/neeltrimarans_official\/\",\"https:\/\/www.youtube.com\/channel\/UCAFnRZZiNuug-k9TNDH_sEw\"]}]}<\/script>\n<!-- \/ Yoast SEO plugin. -->","yoast_head_json":{"title":"Motorisation - LEEN-TRIMARANS","description":"Les triamrans LEEN sont dot\u00e9s d\u2019une motorisation hybride \u00ab heavy duty \u00bb.","robots":{"index":"index","follow":"follow","max-snippet":"max-snippet:-1","max-image-preview":"max-image-preview:large","max-video-preview":"max-video-preview:-1"},"canonical":"https:\/\/leen-trimarans.com\/why-a-trimaran-leen\/engine-type\/","og_locale":"fr_FR","og_type":"article","og_title":"Motorisation - LEEN-TRIMARANS","og_description":"Les triamrans LEEN sont dot\u00e9s d\u2019une motorisation hybride \u00ab heavy duty \u00bb.","og_url":"https:\/\/leen-trimarans.com\/why-a-trimaran-leen\/engine-type\/","og_site_name":"LEEN-TRIMARANS","article_publisher":"https:\/\/www.facebook.com\/neeltrimarans\/","article_modified_time":"2022-11-24T16:19:35+00:00","og_image":[{"width":1920,"height":1271,"url":"https:\/\/leen-trimarans.com\/wp-content\/uploads\/2020\/01\/motorisation-2.jpg","type":"image\/jpeg"}],"twitter_card":"summary_large_image","twitter_site":"@neeltrimarans","twitter_misc":{"Dur\u00e9e de lecture estim\u00e9e":"1 minute"},"schema":{"@context":"https:\/\/schema.org","@graph":[{"@type":"WebPage","@id":"https:\/\/leen-trimarans.com\/why-a-trimaran-leen\/engine-type\/","url":"https:\/\/leen-trimarans.com\/why-a-trimaran-leen\/engine-type\/","name":"Motorisation - LEEN-TRIMARANS","isPartOf":{"@id":"https:\/\/leen-trimarans.com\/#website"},"primaryImageOfPage":{"@id":"https:\/\/leen-trimarans.com\/why-a-trimaran-leen\/engine-type\/#primaryimage"},"image":{"@id":"https:\/\/leen-trimarans.com\/why-a-trimaran-leen\/engine-type\/#primaryimage"},"thumbnailUrl":"https:\/\/leen-trimarans.com\/wp-content\/uploads\/2020\/01\/motorisation-2.jpg","datePublished":"2016-01-21T15:36:45+00:00","dateModified":"2022-11-24T16:19:35+00:00","description":"Les triamrans LEEN sont dot\u00e9s d\u2019une motorisation hybride \u00ab heavy duty \u00bb.","breadcrumb":{"@id":"https:\/\/leen-trimarans.com\/why-a-trimaran-leen\/engine-type\/#breadcrumb"},"inLanguage":"fr-FR","potentialAction":[{"@type":"ReadAction","target":["https:\/\/leen-trimarans.com\/why-a-trimaran-leen\/engine-type\/"]}]},{"@type":"ImageObject","inLanguage":"fr-FR","@id":"https:\/\/leen-trimarans.com\/why-a-trimaran-leen\/engine-type\/#primaryimage","url":"https:\/\/leen-trimarans.com\/wp-content\/uploads\/2020\/01\/motorisation-2.jpg","contentUrl":"https:\/\/leen-trimarans.com\/wp-content\/uploads\/2020\/01\/motorisation-2.jpg","width":1920,"height":1271,"caption":"Motorisation 6"},{"@type":"BreadcrumbList","@id":"https:\/\/leen-trimarans.com\/why-a-trimaran-leen\/engine-type\/#breadcrumb","itemListElement":[{"@type":"ListItem","position":1,"name":"Home","item":"https:\/\/leen-trimarans.com\/fr\/"},{"@type":"ListItem","position":2,"name":"Pourquoi un trimaran LEEN ?","item":"https:\/\/leen-trimarans.com\/why-a-trimaran-leen\/"},{"@type":"ListItem","position":3,"name":"Motorisation"}]},{"@type":"WebSite","@id":"https:\/\/leen-trimarans.com\/#website","url":"https:\/\/leen-trimarans.com\/","name":"LEEN-TRIMARANS","description":"Just makes sense","publisher":{"@id":"https:\/\/leen-trimarans.com\/#organization"},"potentialAction":[{"@type":"SearchAction","target":{"@type":"EntryPoint","urlTemplate":"https:\/\/leen-trimarans.com\/?s={search_term_string}"},"query-input":{"@type":"PropertyValueSpecification","valueRequired":true,"valueName":"search_term_string"}}],"inLanguage":"fr-FR"},{"@type":"Organization","@id":"https:\/\/leen-trimarans.com\/#organization","name":"LEEN-TRIMARANS","url":"https:\/\/leen-trimarans.com\/","logo":{"@type":"ImageObject","inLanguage":"fr-FR","@id":"https:\/\/leen-trimarans.com\/#\/schema\/logo\/image\/","url":"","contentUrl":"","caption":"LEEN-TRIMARANS"},"image":{"@id":"https:\/\/leen-trimarans.com\/#\/schema\/logo\/image\/"},"sameAs":["https:\/\/www.facebook.com\/neeltrimarans\/","https:\/\/x.com\/neeltrimarans","https:\/\/www.instagram.com\/neeltrimarans_official\/","https:\/\/www.youtube.com\/channel\/UCAFnRZZiNuug-k9TNDH_sEw"]}]}},"_links":{"self":[{"href":"https:\/\/leen-trimarans.com\/fr\/wp-json\/wp\/v2\/pages\/8248","targetHints":{"allow":["GET"]}}],"collection":[{"href":"https:\/\/leen-trimarans.com\/fr\/wp-json\/wp\/v2\/pages"}],"about":[{"href":"https:\/\/leen-trimarans.com\/fr\/wp-json\/wp\/v2\/types\/page"}],"author":[{"embeddable":true,"href":"https:\/\/leen-trimarans.com\/fr\/wp-json\/wp\/v2\/users\/1"}],"replies":[{"embeddable":true,"href":"https:\/\/leen-trimarans.com\/fr\/wp-json\/wp\/v2\/comments?post=8248"}],"version-history":[{"count":5,"href":"https:\/\/leen-trimarans.com\/fr\/wp-json\/wp\/v2\/pages\/8248\/revisions"}],"predecessor-version":[{"id":16430,"href":"https:\/\/leen-trimarans.com\/fr\/wp-json\/wp\/v2\/pages\/8248\/revisions\/16430"}],"up":[{"embeddable":true,"href":"https:\/\/leen-trimarans.com\/fr\/wp-json\/wp\/v2\/pages\/8236"}],"wp:featuredmedia":[{"embeddable":true,"href":"https:\/\/leen-trimarans.com\/fr\/wp-json\/wp\/v2\/media\/10102"}],"wp:attachment":[{"href":"https:\/\/leen-trimarans.com\/fr\/wp-json\/wp\/v2\/media?parent=8248"}],"curies":[{"name":"wp","href":"https:\/\/api.w.org\/{rel}","templated":true}]}}