{"id":8245,"date":"2016-01-21T16:35:10","date_gmt":"2016-01-21T15:35:47","guid":{"rendered":"http:\/\/leen-trimarans.com\/pourquoi-un-trimaran-neel\/innovation\/"},"modified":"2021-06-03T17:16:36","modified_gmt":"2021-06-03T16:16:36","slug":"construction","status":"publish","type":"page","link":"https:\/\/leen-trimarans.com\/fr\/pourquoi-un-trimaran-leen\/construction\/","title":{"rendered":"Construction"},"content":{"rendered":"\t\t<div data-elementor-type=\"wp-page\" data-elementor-id=\"8245\" class=\"elementor elementor-8245 elementor-173\" data-elementor-post-type=\"page\">\n\t\t\t\t\t\t<section class=\"elementor-section elementor-top-section elementor-element elementor-element-3953a410 section_breadcrum_neel elementor-section-boxed elementor-section-height-default elementor-section-height-default\" data-id=\"3953a410\" data-element_type=\"section\" data-e-type=\"section\">\n\t\t\t\t\t\t<div class=\"elementor-container elementor-column-gap-default\">\n\t\t\t\t\t<div class=\"elementor-column elementor-col-100 elementor-top-column elementor-element elementor-element-1e1395aa\" data-id=\"1e1395aa\" data-element_type=\"column\" data-e-type=\"column\">\n\t\t\t<div class=\"elementor-widget-wrap elementor-element-populated\">\n\t\t\t\t\t\t<div class=\"elementor-element elementor-element-502205a2 breadcrum_neel elementor-widget elementor-widget-wp-widget-bcn_widget\" data-id=\"502205a2\" data-element_type=\"widget\" data-e-type=\"widget\" data-widget_type=\"wp-widget-bcn_widget.default\">\n\t\t\t\t<div class=\"elementor-widget-container\">\n\t\t\t\t\t<div class=\"breadcrumbs\" vocab=\"https:\/\/schema.org\/\" typeof=\"BreadcrumbList\"><span property=\"itemListElement\" typeof=\"ListItem\"><a property=\"item\" typeof=\"WebPage\" title=\"Aller \u00e0 LEEN-TRIMARANS.\" href=\"https:\/\/leen-trimarans.com\/fr\/\" class=\"home\" aria-current=\"page\"><span property=\"name\">LEEN-TRIMARANS<\/span><\/a><meta property=\"position\" content=\"1\"><\/span><\/div>\t\t\t\t<\/div>\n\t\t\t\t<\/div>\n\t\t\t\t\t<\/div>\n\t\t<\/div>\n\t\t\t\t\t<\/div>\n\t\t<\/section>\n\t\t\t\t<section class=\"elementor-section elementor-top-section elementor-element elementor-element-5b4b7362 elementor-section-boxed elementor-section-height-default elementor-section-height-default\" data-id=\"5b4b7362\" data-element_type=\"section\" data-e-type=\"section\">\n\t\t\t\t\t\t<div class=\"elementor-container elementor-column-gap-default\">\n\t\t\t\t\t<div class=\"elementor-column elementor-col-50 elementor-top-column elementor-element elementor-element-69e905cb\" data-id=\"69e905cb\" data-element_type=\"column\" data-e-type=\"column\">\n\t\t\t<div class=\"elementor-widget-wrap elementor-element-populated\">\n\t\t\t\t\t\t<div class=\"elementor-element elementor-element-9800979 elementor-widget elementor-widget-image\" data-id=\"9800979\" data-element_type=\"widget\" data-e-type=\"widget\" data-widget_type=\"image.default\">\n\t\t\t\t<div class=\"elementor-widget-container\">\n\t\t\t\t\t\t\t\t\t\t\t\t\t\t\t<img fetchpriority=\"high\" decoding=\"async\" width=\"1920\" height=\"1248\" src=\"https:\/\/leen-trimarans.com\/wp-content\/uploads\/2019\/05\/Vacuum_LEEN-TRIMARANS.jpg\" class=\"attachment-full size-full wp-image-10024\" alt=\"\" srcset=\"https:\/\/leen-trimarans.com\/wp-content\/uploads\/2019\/05\/Vacuum_LEEN-TRIMARANS.jpg 1920w, https:\/\/leen-trimarans.com\/wp-content\/uploads\/2019\/05\/Vacuum_LEEN-TRIMARANS-300x195.jpg 300w, https:\/\/leen-trimarans.com\/wp-content\/uploads\/2019\/05\/Vacuum_LEEN-TRIMARANS-1024x666.jpg 1024w, https:\/\/leen-trimarans.com\/wp-content\/uploads\/2019\/05\/Vacuum_LEEN-TRIMARANS-1536x998.jpg 1536w\" sizes=\"(max-width: 1920px) 100vw, 1920px\" \/>\t\t\t\t\t\t\t\t\t\t\t\t\t\t\t<\/div>\n\t\t\t\t<\/div>\n\t\t\t\t\t<\/div>\n\t\t<\/div>\n\t\t\t\t<div class=\"elementor-column elementor-col-50 elementor-top-column elementor-element elementor-element-4097ed9\" data-id=\"4097ed9\" data-element_type=\"column\" data-e-type=\"column\">\n\t\t\t<div class=\"elementor-widget-wrap elementor-element-populated\">\n\t\t\t\t\t\t<div class=\"elementor-element elementor-element-a36baee elementor-widget elementor-widget-text-editor\" data-id=\"a36baee\" data-element_type=\"widget\" data-e-type=\"widget\" data-widget_type=\"text-editor.default\">\n\t\t\t\t<div class=\"elementor-widget-container\">\n\t\t\t\t\t\t\t\t\t<h2>Une expertise technique reconnue<\/h2><p>L\u2019expertise de NEEL-TRIMARANS conjugue le soin du d\u00e9tail, la cr\u00e9ativit\u00e9 et la rigueur industrielle.<\/p><p>La technique de fabrication a \u00e9t\u00e9 d\u00e9velopp\u00e9e et \u00e9prouv\u00e9e par le chantier\u00a0: assemblage de panneaux composite infus\u00e9s sur marbre et assembl\u00e9s dans des conformateurs. Cette fabrication est particuli\u00e8rement adapt\u00e9e \u00e0 la fabrication des coques \u00e0 bouchains, longues et \u00e9troites.<\/p>\t\t\t\t\t\t\t\t<\/div>\n\t\t\t\t<\/div>\n\t\t\t\t\t<\/div>\n\t\t<\/div>\n\t\t\t\t\t<\/div>\n\t\t<\/section>\n\t\t\t\t<section class=\"elementor-section elementor-top-section elementor-element elementor-element-b86394b elementor-section-boxed elementor-section-height-default elementor-section-height-default\" data-id=\"b86394b\" data-element_type=\"section\" data-e-type=\"section\">\n\t\t\t\t\t\t<div class=\"elementor-container elementor-column-gap-default\">\n\t\t\t\t\t<div class=\"elementor-column elementor-col-100 elementor-top-column elementor-element elementor-element-74d9d7d\" data-id=\"74d9d7d\" data-element_type=\"column\" data-e-type=\"column\">\n\t\t\t<div class=\"elementor-widget-wrap elementor-element-populated\">\n\t\t\t\t\t\t<div class=\"elementor-element elementor-element-ad9338c elementor-widget elementor-widget-html\" data-id=\"ad9338c\" data-element_type=\"widget\" data-e-type=\"widget\" data-widget_type=\"html.default\">\n\t\t\t\t<div class=\"elementor-widget-container\">\n\t\t\t\t\t<div class=\"section__headline\"><\/div>\t\t\t\t<\/div>\n\t\t\t\t<\/div>\n\t\t\t\t\t<\/div>\n\t\t<\/div>\n\t\t\t\t\t<\/div>\n\t\t<\/section>\n\t\t\t\t<section class=\"elementor-section elementor-top-section elementor-element elementor-element-644cd66 section_flex_neel elementor-section-boxed elementor-section-height-default elementor-section-height-default\" data-id=\"644cd66\" data-element_type=\"section\" data-e-type=\"section\">\n\t\t\t\t\t\t<div class=\"elementor-container elementor-column-gap-default\">\n\t\t\t\t\t<div class=\"elementor-column elementor-col-50 elementor-top-column elementor-element elementor-element-18f4591 section_left_flex\" data-id=\"18f4591\" data-element_type=\"column\" data-e-type=\"column\">\n\t\t\t<div class=\"elementor-widget-wrap elementor-element-populated\">\n\t\t\t\t\t\t<div class=\"elementor-element elementor-element-1b9ee17 elementor-widget elementor-widget-text-editor\" data-id=\"1b9ee17\" data-element_type=\"widget\" data-e-type=\"widget\" data-widget_type=\"text-editor.default\">\n\t\t\t\t<div class=\"elementor-widget-container\">\n\t\t\t\t\t\t\t\t\t<p><span style=\"font-family: var(--font-primary);\">La structure du pont et des coques est r\u00e9alis\u00e9e en infusion sous vide, proc\u00e9d\u00e9s garantissant gain de poids, meilleure qualit\u00e9 du composite, et bonne protection environnementale.<\/span><\/p><p>Les m\u00e9thodes de production sont \u00e9prouv\u00e9es, les co\u00fbts ma\u00eetris\u00e9s, la qualit\u00e9 certifi\u00e9e.<\/p>\t\t\t\t\t\t\t\t<\/div>\n\t\t\t\t<\/div>\n\t\t\t\t\t<\/div>\n\t\t<\/div>\n\t\t\t\t<div class=\"elementor-column elementor-col-50 elementor-top-column elementor-element elementor-element-aa40288 section_right_flex\" data-id=\"aa40288\" data-element_type=\"column\" data-e-type=\"column\">\n\t\t\t<div class=\"elementor-widget-wrap elementor-element-populated\">\n\t\t\t\t\t\t<div class=\"elementor-element elementor-element-f3aaa51 elementor-widget elementor-widget-image\" data-id=\"f3aaa51\" data-element_type=\"widget\" data-e-type=\"widget\" data-widget_type=\"image.default\">\n\t\t\t\t<div class=\"elementor-widget-container\">\n\t\t\t\t\t\t\t\t\t\t\t\t\t\t\t<img decoding=\"async\" width=\"1920\" height=\"1213\" src=\"https:\/\/leen-trimarans.com\/wp-content\/uploads\/2019\/05\/Vacuum_LEEN-TRIMARANS1.jpg\" class=\"attachment-full size-full wp-image-10022\" alt=\"\" srcset=\"https:\/\/leen-trimarans.com\/wp-content\/uploads\/2019\/05\/Vacuum_LEEN-TRIMARANS1.jpg 1920w, https:\/\/leen-trimarans.com\/wp-content\/uploads\/2019\/05\/Vacuum_LEEN-TRIMARANS1-300x190.jpg 300w, https:\/\/leen-trimarans.com\/wp-content\/uploads\/2019\/05\/Vacuum_LEEN-TRIMARANS1-1024x647.jpg 1024w, https:\/\/leen-trimarans.com\/wp-content\/uploads\/2019\/05\/Vacuum_LEEN-TRIMARANS1-1536x970.jpg 1536w\" sizes=\"(max-width: 1920px) 100vw, 1920px\" \/>\t\t\t\t\t\t\t\t\t\t\t\t\t\t\t<\/div>\n\t\t\t\t<\/div>\n\t\t\t\t\t<\/div>\n\t\t<\/div>\n\t\t\t\t\t<\/div>\n\t\t<\/section>\n\t\t\t\t<\/div>\n\t\t","protected":false},"excerpt":{"rendered":"<p>Une expertise technique reconnue L\u2019expertise de NEEL-TRIMARANS conjugue le soin du d\u00e9tail, la cr\u00e9ativit\u00e9 et la rigueur industrielle. La technique de fabrication a \u00e9t\u00e9 d\u00e9velopp\u00e9e et \u00e9prouv\u00e9e par le chantier\u00a0: assemblage de panneaux composite infus\u00e9s sur marbre et assembl\u00e9s dans des conformateurs. Cette fabrication est particuli\u00e8rement adapt\u00e9e \u00e0 la fabrication des coques \u00e0 bouchains, longues [&hellip;]<\/p>\n","protected":false},"author":1,"featured_media":10031,"parent":8236,"menu_order":3,"comment_status":"closed","ping_status":"closed","template":"page_content_neel.php","meta":{"_acf_changed":false,"footnotes":""},"class_list":["post-8245","page","type-page","status-publish","has-post-thumbnail","hentry"],"acf":[],"yoast_head":"<!-- This site is optimized with the Yoast SEO plugin v27.4 - https:\/\/yoast.com\/product\/yoast-seo-wordpress\/ -->\n<title>Construction - LEEN-TRIMARANS<\/title>\n<meta name=\"description\" content=\"LEEN-TRIMARANS est un concept innovant et nouveau: un nouveau style d&#039;architecture naval\" \/>\n<meta name=\"robots\" content=\"index, follow, max-snippet:-1, max-image-preview:large, max-video-preview:-1\" \/>\n<link rel=\"canonical\" href=\"https:\/\/leen-trimarans.com\/why-a-trimaran-leen\/production-methods\/\" \/>\n<meta property=\"og:locale\" content=\"fr_FR\" \/>\n<meta property=\"og:type\" content=\"article\" \/>\n<meta property=\"og:title\" content=\"Construction - LEEN-TRIMARANS\" \/>\n<meta property=\"og:description\" content=\"LEEN-TRIMARANS est un concept innovant et nouveau: un nouveau style d&#039;architecture naval\" \/>\n<meta property=\"og:url\" content=\"https:\/\/leen-trimarans.com\/why-a-trimaran-leen\/production-methods\/\" \/>\n<meta property=\"og:site_name\" content=\"LEEN-TRIMARANS\" \/>\n<meta property=\"article:publisher\" content=\"https:\/\/www.facebook.com\/neeltrimarans\/\" \/>\n<meta property=\"article:modified_time\" content=\"2021-06-03T16:16:36+00:00\" \/>\n<meta property=\"og:image\" content=\"https:\/\/leen-trimarans.com\/wp-content\/uploads\/2019\/05\/NEEL65_CHANTIER_026.jpg\" \/>\n\t<meta property=\"og:image:width\" content=\"1920\" \/>\n\t<meta property=\"og:image:height\" content=\"1278\" \/>\n\t<meta property=\"og:image:type\" content=\"image\/jpeg\" \/>\n<meta name=\"twitter:card\" content=\"summary_large_image\" \/>\n<meta name=\"twitter:site\" content=\"@neeltrimarans\" \/>\n<meta name=\"twitter:label1\" content=\"Dur\u00e9e de lecture estim\u00e9e\" \/>\n\t<meta name=\"twitter:data1\" content=\"1 minute\" \/>\n<script type=\"application\/ld+json\" class=\"yoast-schema-graph\">{\"@context\":\"https:\\\/\\\/schema.org\",\"@graph\":[{\"@type\":\"WebPage\",\"@id\":\"https:\\\/\\\/leen-trimarans.com\\\/why-a-trimaran-leen\\\/production-methods\\\/\",\"url\":\"https:\\\/\\\/leen-trimarans.com\\\/why-a-trimaran-leen\\\/production-methods\\\/\",\"name\":\"Construction - LEEN-TRIMARANS\",\"isPartOf\":{\"@id\":\"https:\\\/\\\/leen-trimarans.com\\\/#website\"},\"primaryImageOfPage\":{\"@id\":\"https:\\\/\\\/leen-trimarans.com\\\/why-a-trimaran-leen\\\/production-methods\\\/#primaryimage\"},\"image\":{\"@id\":\"https:\\\/\\\/leen-trimarans.com\\\/why-a-trimaran-leen\\\/production-methods\\\/#primaryimage\"},\"thumbnailUrl\":\"https:\\\/\\\/leen-trimarans.com\\\/wp-content\\\/uploads\\\/2019\\\/05\\\/NEEL65_CHANTIER_026.jpg\",\"datePublished\":\"2016-01-21T15:35:47+00:00\",\"dateModified\":\"2021-06-03T16:16:36+00:00\",\"description\":\"LEEN-TRIMARANS est un concept innovant et nouveau: un nouveau style d'architecture naval\",\"breadcrumb\":{\"@id\":\"https:\\\/\\\/leen-trimarans.com\\\/why-a-trimaran-leen\\\/production-methods\\\/#breadcrumb\"},\"inLanguage\":\"fr-FR\",\"potentialAction\":[{\"@type\":\"ReadAction\",\"target\":[\"https:\\\/\\\/leen-trimarans.com\\\/why-a-trimaran-leen\\\/production-methods\\\/\"]}]},{\"@type\":\"ImageObject\",\"inLanguage\":\"fr-FR\",\"@id\":\"https:\\\/\\\/leen-trimarans.com\\\/why-a-trimaran-leen\\\/production-methods\\\/#primaryimage\",\"url\":\"https:\\\/\\\/leen-trimarans.com\\\/wp-content\\\/uploads\\\/2019\\\/05\\\/NEEL65_CHANTIER_026.jpg\",\"contentUrl\":\"https:\\\/\\\/leen-trimarans.com\\\/wp-content\\\/uploads\\\/2019\\\/05\\\/NEEL65_CHANTIER_026.jpg\",\"width\":1920,\"height\":1278,\"caption\":\"Construction 2\"},{\"@type\":\"BreadcrumbList\",\"@id\":\"https:\\\/\\\/leen-trimarans.com\\\/why-a-trimaran-leen\\\/production-methods\\\/#breadcrumb\",\"itemListElement\":[{\"@type\":\"ListItem\",\"position\":1,\"name\":\"Home\",\"item\":\"https:\\\/\\\/leen-trimarans.com\\\/fr\\\/\"},{\"@type\":\"ListItem\",\"position\":2,\"name\":\"Pourquoi un trimaran LEEN ?\",\"item\":\"https:\\\/\\\/leen-trimarans.com\\\/why-a-trimaran-leen\\\/\"},{\"@type\":\"ListItem\",\"position\":3,\"name\":\"Construction\"}]},{\"@type\":\"WebSite\",\"@id\":\"https:\\\/\\\/leen-trimarans.com\\\/#website\",\"url\":\"https:\\\/\\\/leen-trimarans.com\\\/\",\"name\":\"LEEN-TRIMARANS\",\"description\":\"Just makes sense\",\"publisher\":{\"@id\":\"https:\\\/\\\/leen-trimarans.com\\\/#organization\"},\"potentialAction\":[{\"@type\":\"SearchAction\",\"target\":{\"@type\":\"EntryPoint\",\"urlTemplate\":\"https:\\\/\\\/leen-trimarans.com\\\/?s={search_term_string}\"},\"query-input\":{\"@type\":\"PropertyValueSpecification\",\"valueRequired\":true,\"valueName\":\"search_term_string\"}}],\"inLanguage\":\"fr-FR\"},{\"@type\":\"Organization\",\"@id\":\"https:\\\/\\\/leen-trimarans.com\\\/#organization\",\"name\":\"LEEN-TRIMARANS\",\"url\":\"https:\\\/\\\/leen-trimarans.com\\\/\",\"logo\":{\"@type\":\"ImageObject\",\"inLanguage\":\"fr-FR\",\"@id\":\"https:\\\/\\\/leen-trimarans.com\\\/#\\\/schema\\\/logo\\\/image\\\/\",\"url\":\"\",\"contentUrl\":\"\",\"caption\":\"LEEN-TRIMARANS\"},\"image\":{\"@id\":\"https:\\\/\\\/leen-trimarans.com\\\/#\\\/schema\\\/logo\\\/image\\\/\"},\"sameAs\":[\"https:\\\/\\\/www.facebook.com\\\/neeltrimarans\\\/\",\"https:\\\/\\\/x.com\\\/neeltrimarans\",\"https:\\\/\\\/www.instagram.com\\\/neeltrimarans_official\\\/\",\"https:\\\/\\\/www.youtube.com\\\/channel\\\/UCAFnRZZiNuug-k9TNDH_sEw\"]}]}<\/script>\n<!-- \/ Yoast SEO plugin. -->","yoast_head_json":{"title":"Construction - LEEN-TRIMARANS","description":"LEEN-TRIMARANS est un concept innovant et nouveau: un nouveau style d'architecture naval","robots":{"index":"index","follow":"follow","max-snippet":"max-snippet:-1","max-image-preview":"max-image-preview:large","max-video-preview":"max-video-preview:-1"},"canonical":"https:\/\/leen-trimarans.com\/why-a-trimaran-leen\/production-methods\/","og_locale":"fr_FR","og_type":"article","og_title":"Construction - LEEN-TRIMARANS","og_description":"LEEN-TRIMARANS est un concept innovant et nouveau: un nouveau style d'architecture naval","og_url":"https:\/\/leen-trimarans.com\/why-a-trimaran-leen\/production-methods\/","og_site_name":"LEEN-TRIMARANS","article_publisher":"https:\/\/www.facebook.com\/neeltrimarans\/","article_modified_time":"2021-06-03T16:16:36+00:00","og_image":[{"width":1920,"height":1278,"url":"https:\/\/leen-trimarans.com\/wp-content\/uploads\/2019\/05\/NEEL65_CHANTIER_026.jpg","type":"image\/jpeg"}],"twitter_card":"summary_large_image","twitter_site":"@neeltrimarans","twitter_misc":{"Dur\u00e9e de lecture estim\u00e9e":"1 minute"},"schema":{"@context":"https:\/\/schema.org","@graph":[{"@type":"WebPage","@id":"https:\/\/leen-trimarans.com\/why-a-trimaran-leen\/production-methods\/","url":"https:\/\/leen-trimarans.com\/why-a-trimaran-leen\/production-methods\/","name":"Construction - LEEN-TRIMARANS","isPartOf":{"@id":"https:\/\/leen-trimarans.com\/#website"},"primaryImageOfPage":{"@id":"https:\/\/leen-trimarans.com\/why-a-trimaran-leen\/production-methods\/#primaryimage"},"image":{"@id":"https:\/\/leen-trimarans.com\/why-a-trimaran-leen\/production-methods\/#primaryimage"},"thumbnailUrl":"https:\/\/leen-trimarans.com\/wp-content\/uploads\/2019\/05\/NEEL65_CHANTIER_026.jpg","datePublished":"2016-01-21T15:35:47+00:00","dateModified":"2021-06-03T16:16:36+00:00","description":"LEEN-TRIMARANS est un concept innovant et nouveau: un nouveau style d'architecture naval","breadcrumb":{"@id":"https:\/\/leen-trimarans.com\/why-a-trimaran-leen\/production-methods\/#breadcrumb"},"inLanguage":"fr-FR","potentialAction":[{"@type":"ReadAction","target":["https:\/\/leen-trimarans.com\/why-a-trimaran-leen\/production-methods\/"]}]},{"@type":"ImageObject","inLanguage":"fr-FR","@id":"https:\/\/leen-trimarans.com\/why-a-trimaran-leen\/production-methods\/#primaryimage","url":"https:\/\/leen-trimarans.com\/wp-content\/uploads\/2019\/05\/NEEL65_CHANTIER_026.jpg","contentUrl":"https:\/\/leen-trimarans.com\/wp-content\/uploads\/2019\/05\/NEEL65_CHANTIER_026.jpg","width":1920,"height":1278,"caption":"Construction 2"},{"@type":"BreadcrumbList","@id":"https:\/\/leen-trimarans.com\/why-a-trimaran-leen\/production-methods\/#breadcrumb","itemListElement":[{"@type":"ListItem","position":1,"name":"Home","item":"https:\/\/leen-trimarans.com\/fr\/"},{"@type":"ListItem","position":2,"name":"Pourquoi un trimaran LEEN ?","item":"https:\/\/leen-trimarans.com\/why-a-trimaran-leen\/"},{"@type":"ListItem","position":3,"name":"Construction"}]},{"@type":"WebSite","@id":"https:\/\/leen-trimarans.com\/#website","url":"https:\/\/leen-trimarans.com\/","name":"LEEN-TRIMARANS","description":"Just makes sense","publisher":{"@id":"https:\/\/leen-trimarans.com\/#organization"},"potentialAction":[{"@type":"SearchAction","target":{"@type":"EntryPoint","urlTemplate":"https:\/\/leen-trimarans.com\/?s={search_term_string}"},"query-input":{"@type":"PropertyValueSpecification","valueRequired":true,"valueName":"search_term_string"}}],"inLanguage":"fr-FR"},{"@type":"Organization","@id":"https:\/\/leen-trimarans.com\/#organization","name":"LEEN-TRIMARANS","url":"https:\/\/leen-trimarans.com\/","logo":{"@type":"ImageObject","inLanguage":"fr-FR","@id":"https:\/\/leen-trimarans.com\/#\/schema\/logo\/image\/","url":"","contentUrl":"","caption":"LEEN-TRIMARANS"},"image":{"@id":"https:\/\/leen-trimarans.com\/#\/schema\/logo\/image\/"},"sameAs":["https:\/\/www.facebook.com\/neeltrimarans\/","https:\/\/x.com\/neeltrimarans","https:\/\/www.instagram.com\/neeltrimarans_official\/","https:\/\/www.youtube.com\/channel\/UCAFnRZZiNuug-k9TNDH_sEw"]}]}},"_links":{"self":[{"href":"https:\/\/leen-trimarans.com\/fr\/wp-json\/wp\/v2\/pages\/8245","targetHints":{"allow":["GET"]}}],"collection":[{"href":"https:\/\/leen-trimarans.com\/fr\/wp-json\/wp\/v2\/pages"}],"about":[{"href":"https:\/\/leen-trimarans.com\/fr\/wp-json\/wp\/v2\/types\/page"}],"author":[{"embeddable":true,"href":"https:\/\/leen-trimarans.com\/fr\/wp-json\/wp\/v2\/users\/1"}],"replies":[{"embeddable":true,"href":"https:\/\/leen-trimarans.com\/fr\/wp-json\/wp\/v2\/comments?post=8245"}],"version-history":[{"count":5,"href":"https:\/\/leen-trimarans.com\/fr\/wp-json\/wp\/v2\/pages\/8245\/revisions"}],"predecessor-version":[{"id":14509,"href":"https:\/\/leen-trimarans.com\/fr\/wp-json\/wp\/v2\/pages\/8245\/revisions\/14509"}],"up":[{"embeddable":true,"href":"https:\/\/leen-trimarans.com\/fr\/wp-json\/wp\/v2\/pages\/8236"}],"wp:featuredmedia":[{"embeddable":true,"href":"https:\/\/leen-trimarans.com\/fr\/wp-json\/wp\/v2\/media\/10031"}],"wp:attachment":[{"href":"https:\/\/leen-trimarans.com\/fr\/wp-json\/wp\/v2\/media?parent=8245"}],"curies":[{"name":"wp","href":"https:\/\/api.w.org\/{rel}","templated":true}]}}