{"id":8238,"date":"2017-08-21T13:38:38","date_gmt":"2017-08-21T12:38:47","guid":{"rendered":"http:\/\/leen-trimarans.com\/pourquoi-un-trimaran-neel\/quality\/"},"modified":"2020-02-24T09:00:39","modified_gmt":"2020-02-24T08:00:39","slug":"architectes","status":"publish","type":"page","link":"https:\/\/leen-trimarans.com\/fr\/pourquoi-un-trimaran-leen\/architectes\/","title":{"rendered":"Architectes"},"content":{"rendered":"\t\t<div data-elementor-type=\"wp-page\" data-elementor-id=\"8238\" class=\"elementor elementor-8238 elementor-2896\" data-elementor-post-type=\"page\">\n\t\t\t\t\t\t<section class=\"elementor-section elementor-top-section elementor-element elementor-element-50f0135a section_breadcrum_neel elementor-section-boxed elementor-section-height-default elementor-section-height-default\" data-id=\"50f0135a\" data-element_type=\"section\" data-e-type=\"section\">\n\t\t\t\t\t\t<div class=\"elementor-container elementor-column-gap-default\">\n\t\t\t\t\t<div class=\"elementor-column elementor-col-100 elementor-top-column elementor-element elementor-element-6f66b633\" data-id=\"6f66b633\" data-element_type=\"column\" data-e-type=\"column\">\n\t\t\t<div class=\"elementor-widget-wrap elementor-element-populated\">\n\t\t\t\t\t\t<div class=\"elementor-element elementor-element-21627ab8 breadcrum_neel elementor-widget elementor-widget-wp-widget-bcn_widget\" data-id=\"21627ab8\" data-element_type=\"widget\" data-e-type=\"widget\" data-widget_type=\"wp-widget-bcn_widget.default\">\n\t\t\t\t<div class=\"elementor-widget-container\">\n\t\t\t\t\t<div class=\"breadcrumbs\" vocab=\"https:\/\/schema.org\/\" typeof=\"BreadcrumbList\"><span property=\"itemListElement\" typeof=\"ListItem\"><a property=\"item\" typeof=\"WebPage\" title=\"Aller \u00e0 LEEN-TRIMARANS.\" href=\"https:\/\/leen-trimarans.com\/fr\/\" class=\"home\" aria-current=\"page\"><span property=\"name\">LEEN-TRIMARANS<\/span><\/a><meta property=\"position\" content=\"1\"><\/span><\/div>\t\t\t\t<\/div>\n\t\t\t\t<\/div>\n\t\t\t\t\t<\/div>\n\t\t<\/div>\n\t\t\t\t\t<\/div>\n\t\t<\/section>\n\t\t\t\t<section class=\"elementor-section elementor-top-section elementor-element elementor-element-2141f36 elementor-section-boxed elementor-section-height-default elementor-section-height-default\" data-id=\"2141f36\" data-element_type=\"section\" data-e-type=\"section\">\n\t\t\t\t\t\t<div class=\"elementor-container elementor-column-gap-default\">\n\t\t\t\t\t<div class=\"elementor-column elementor-col-50 elementor-top-column elementor-element elementor-element-6977e39\" data-id=\"6977e39\" data-element_type=\"column\" data-e-type=\"column\">\n\t\t\t<div class=\"elementor-widget-wrap elementor-element-populated\">\n\t\t\t\t\t\t<div class=\"elementor-element elementor-element-3412dd8 elementor-widget elementor-widget-text-editor\" data-id=\"3412dd8\" data-element_type=\"widget\" data-e-type=\"widget\" data-widget_type=\"text-editor.default\">\n\t\t\t\t<div class=\"elementor-widget-container\">\n\t\t\t\t\t\t\t\t\t<p><strong>Bernard Nivelt<\/strong> est consid\u00e9r\u00e9 comme l\u2019un des meilleurs architectes navals de son temps. Il a dessin\u00e9 de nombreux bateaux de voyage et des trimarans de course performants.<\/p><p><strong>Pierre Frutschi<\/strong>, architecte dipl\u00f4m\u00e9 de l\u2019universit\u00e9 de Gen\u00e8ve, cr\u00e9ateur-navigateur, est un designer naval reconnu et r\u00e9put\u00e9. Il est sp\u00e9cialiste des grandes unit\u00e9s \u00ab\u00a0one off\u00a0\u00bb de 40\u2019 \u00e0 100\u2019, et \u00e9galement d\u2019unit\u00e9s de s\u00e9ries.\u00a0<\/p><p>Bernard Nivelt et Pierre Frutschi se connaissent depuis longtemps et \u0153uvrent ensemble \u00e0 la r\u00e9ussite de belles r\u00e9alisations. C\u2019est naturellement et avec confiance que NEEL-TRIMARANS s\u2019est tourn\u00e9 vers ce brillant duo pour dessiner sa nouvelle gamme de trimarans \u00e0 moteur.<\/p>\t\t\t\t\t\t\t\t<\/div>\n\t\t\t\t<\/div>\n\t\t\t\t\t<\/div>\n\t\t<\/div>\n\t\t\t\t<div class=\"elementor-column elementor-col-50 elementor-top-column elementor-element elementor-element-9815bda\" data-id=\"9815bda\" data-element_type=\"column\" data-e-type=\"column\">\n\t\t\t<div class=\"elementor-widget-wrap elementor-element-populated\">\n\t\t\t\t\t\t<div class=\"elementor-element elementor-element-7b2f5ea elementor-widget elementor-widget-image\" data-id=\"7b2f5ea\" data-element_type=\"widget\" data-e-type=\"widget\" data-widget_type=\"image.default\">\n\t\t\t\t<div class=\"elementor-widget-container\">\n\t\t\t\t\t\t\t\t\t\t\t\t\t\t\t<img fetchpriority=\"high\" decoding=\"async\" width=\"800\" height=\"441\" src=\"https:\/\/leen-trimarans.com\/wp-content\/uploads\/2020\/01\/architectes-2-1024x565.jpg\" class=\"attachment-large size-large wp-image-10317\" alt=\"Architectes LEEN-TRIMARANS\" srcset=\"https:\/\/leen-trimarans.com\/wp-content\/uploads\/2020\/01\/architectes-2-1024x565.jpg 1024w, https:\/\/leen-trimarans.com\/wp-content\/uploads\/2020\/01\/architectes-2-300x166.jpg 300w, https:\/\/leen-trimarans.com\/wp-content\/uploads\/2020\/01\/architectes-2.jpg 1515w\" sizes=\"(max-width: 800px) 100vw, 800px\" \/>\t\t\t\t\t\t\t\t\t\t\t\t\t\t\t<\/div>\n\t\t\t\t<\/div>\n\t\t\t\t\t<\/div>\n\t\t<\/div>\n\t\t\t\t\t<\/div>\n\t\t<\/section>\n\t\t\t\t<\/div>\n\t\t","protected":false},"excerpt":{"rendered":"<p>Bernard Nivelt est consid\u00e9r\u00e9 comme l\u2019un des meilleurs architectes navals de son temps. Il a dessin\u00e9 de nombreux bateaux de voyage et des trimarans de course performants. Pierre Frutschi, architecte dipl\u00f4m\u00e9 de l\u2019universit\u00e9 de Gen\u00e8ve, cr\u00e9ateur-navigateur, est un designer naval reconnu et r\u00e9put\u00e9. Il est sp\u00e9cialiste des grandes unit\u00e9s \u00ab\u00a0one off\u00a0\u00bb de 40\u2019 \u00e0 100\u2019, [&hellip;]<\/p>\n","protected":false},"author":1,"featured_media":10076,"parent":8236,"menu_order":2,"comment_status":"closed","ping_status":"closed","template":"page_content_neel.php","meta":{"_acf_changed":false,"footnotes":""},"class_list":["post-8238","page","type-page","status-publish","has-post-thumbnail","hentry"],"acf":[],"yoast_head":"<!-- This site is optimized with the Yoast SEO plugin v27.2 - https:\/\/yoast.com\/product\/yoast-seo-wordpress\/ -->\n<title>Architectes - LEEN-TRIMARANS<\/title>\n<meta name=\"description\" content=\"LEEN-TRIMARANS s&#039;est entour\u00e9 des meilleurs architectes pour concevoir ces trimarans \u00e0 moteur : Bernard Nivelt and Pierre Frutschi\" \/>\n<meta name=\"robots\" content=\"index, follow, max-snippet:-1, max-image-preview:large, max-video-preview:-1\" \/>\n<link rel=\"canonical\" href=\"https:\/\/leen-trimarans.com\/why-a-trimaran-leen\/architects\/\" \/>\n<meta property=\"og:locale\" content=\"fr_FR\" \/>\n<meta property=\"og:type\" content=\"article\" \/>\n<meta property=\"og:title\" content=\"Architectes - LEEN-TRIMARANS\" \/>\n<meta property=\"og:description\" content=\"LEEN-TRIMARANS s&#039;est entour\u00e9 des meilleurs architectes pour concevoir ces trimarans \u00e0 moteur : Bernard Nivelt and Pierre Frutschi\" \/>\n<meta property=\"og:url\" content=\"https:\/\/leen-trimarans.com\/why-a-trimaran-leen\/architects\/\" \/>\n<meta property=\"og:site_name\" content=\"LEEN-TRIMARANS\" \/>\n<meta property=\"article:publisher\" content=\"https:\/\/www.facebook.com\/neeltrimarans\/\" \/>\n<meta property=\"article:modified_time\" content=\"2020-02-24T08:00:39+00:00\" \/>\n<meta property=\"og:image\" content=\"https:\/\/leen-trimarans.com\/wp-content\/uploads\/2020\/01\/architectes.jpg\" \/>\n\t<meta property=\"og:image:width\" content=\"1600\" \/>\n\t<meta property=\"og:image:height\" content=\"785\" \/>\n\t<meta property=\"og:image:type\" content=\"image\/jpeg\" \/>\n<meta name=\"twitter:card\" content=\"summary_large_image\" \/>\n<meta name=\"twitter:site\" content=\"@neeltrimarans\" \/>\n<meta name=\"twitter:label1\" content=\"Dur\u00e9e de lecture estim\u00e9e\" \/>\n\t<meta name=\"twitter:data1\" content=\"1 minute\" \/>\n<script type=\"application\/ld+json\" class=\"yoast-schema-graph\">{\"@context\":\"https:\/\/schema.org\",\"@graph\":[{\"@type\":\"WebPage\",\"@id\":\"https:\/\/leen-trimarans.com\/why-a-trimaran-leen\/architects\/\",\"url\":\"https:\/\/leen-trimarans.com\/why-a-trimaran-leen\/architects\/\",\"name\":\"Architectes - LEEN-TRIMARANS\",\"isPartOf\":{\"@id\":\"https:\/\/leen-trimarans.com\/#website\"},\"primaryImageOfPage\":{\"@id\":\"https:\/\/leen-trimarans.com\/why-a-trimaran-leen\/architects\/#primaryimage\"},\"image\":{\"@id\":\"https:\/\/leen-trimarans.com\/why-a-trimaran-leen\/architects\/#primaryimage\"},\"thumbnailUrl\":\"https:\/\/leen-trimarans.com\/wp-content\/uploads\/2020\/01\/architectes.jpg\",\"datePublished\":\"2017-08-21T12:38:47+00:00\",\"dateModified\":\"2020-02-24T08:00:39+00:00\",\"description\":\"LEEN-TRIMARANS s'est entour\u00e9 des meilleurs architectes pour concevoir ces trimarans \u00e0 moteur : Bernard Nivelt and Pierre Frutschi\",\"breadcrumb\":{\"@id\":\"https:\/\/leen-trimarans.com\/why-a-trimaran-leen\/architects\/#breadcrumb\"},\"inLanguage\":\"fr-FR\",\"potentialAction\":[{\"@type\":\"ReadAction\",\"target\":[\"https:\/\/leen-trimarans.com\/why-a-trimaran-leen\/architects\/\"]}]},{\"@type\":\"ImageObject\",\"inLanguage\":\"fr-FR\",\"@id\":\"https:\/\/leen-trimarans.com\/why-a-trimaran-leen\/architects\/#primaryimage\",\"url\":\"https:\/\/leen-trimarans.com\/wp-content\/uploads\/2020\/01\/architectes.jpg\",\"contentUrl\":\"https:\/\/leen-trimarans.com\/wp-content\/uploads\/2020\/01\/architectes.jpg\",\"width\":1600,\"height\":785,\"caption\":\"Architectes 2\"},{\"@type\":\"BreadcrumbList\",\"@id\":\"https:\/\/leen-trimarans.com\/why-a-trimaran-leen\/architects\/#breadcrumb\",\"itemListElement\":[{\"@type\":\"ListItem\",\"position\":1,\"name\":\"Home\",\"item\":\"https:\/\/leen-trimarans.com\/fr\/\"},{\"@type\":\"ListItem\",\"position\":2,\"name\":\"Pourquoi un trimaran LEEN ?\",\"item\":\"https:\/\/leen-trimarans.com\/why-a-trimaran-leen\/\"},{\"@type\":\"ListItem\",\"position\":3,\"name\":\"Architectes\"}]},{\"@type\":\"WebSite\",\"@id\":\"https:\/\/leen-trimarans.com\/#website\",\"url\":\"https:\/\/leen-trimarans.com\/\",\"name\":\"LEEN-TRIMARANS\",\"description\":\"Just makes sense\",\"publisher\":{\"@id\":\"https:\/\/leen-trimarans.com\/#organization\"},\"potentialAction\":[{\"@type\":\"SearchAction\",\"target\":{\"@type\":\"EntryPoint\",\"urlTemplate\":\"https:\/\/leen-trimarans.com\/?s={search_term_string}\"},\"query-input\":{\"@type\":\"PropertyValueSpecification\",\"valueRequired\":true,\"valueName\":\"search_term_string\"}}],\"inLanguage\":\"fr-FR\"},{\"@type\":\"Organization\",\"@id\":\"https:\/\/leen-trimarans.com\/#organization\",\"name\":\"LEEN-TRIMARANS\",\"url\":\"https:\/\/leen-trimarans.com\/\",\"logo\":{\"@type\":\"ImageObject\",\"inLanguage\":\"fr-FR\",\"@id\":\"https:\/\/leen-trimarans.com\/#\/schema\/logo\/image\/\",\"url\":\"\",\"contentUrl\":\"\",\"caption\":\"LEEN-TRIMARANS\"},\"image\":{\"@id\":\"https:\/\/leen-trimarans.com\/#\/schema\/logo\/image\/\"},\"sameAs\":[\"https:\/\/www.facebook.com\/neeltrimarans\/\",\"https:\/\/x.com\/neeltrimarans\",\"https:\/\/www.instagram.com\/neeltrimarans_official\/\",\"https:\/\/www.youtube.com\/channel\/UCAFnRZZiNuug-k9TNDH_sEw\"]}]}<\/script>\n<!-- \/ Yoast SEO plugin. -->","yoast_head_json":{"title":"Architectes - LEEN-TRIMARANS","description":"LEEN-TRIMARANS s'est entour\u00e9 des meilleurs architectes pour concevoir ces trimarans \u00e0 moteur : Bernard Nivelt and Pierre Frutschi","robots":{"index":"index","follow":"follow","max-snippet":"max-snippet:-1","max-image-preview":"max-image-preview:large","max-video-preview":"max-video-preview:-1"},"canonical":"https:\/\/leen-trimarans.com\/why-a-trimaran-leen\/architects\/","og_locale":"fr_FR","og_type":"article","og_title":"Architectes - LEEN-TRIMARANS","og_description":"LEEN-TRIMARANS s'est entour\u00e9 des meilleurs architectes pour concevoir ces trimarans \u00e0 moteur : Bernard Nivelt and Pierre Frutschi","og_url":"https:\/\/leen-trimarans.com\/why-a-trimaran-leen\/architects\/","og_site_name":"LEEN-TRIMARANS","article_publisher":"https:\/\/www.facebook.com\/neeltrimarans\/","article_modified_time":"2020-02-24T08:00:39+00:00","og_image":[{"width":1600,"height":785,"url":"https:\/\/leen-trimarans.com\/wp-content\/uploads\/2020\/01\/architectes.jpg","type":"image\/jpeg"}],"twitter_card":"summary_large_image","twitter_site":"@neeltrimarans","twitter_misc":{"Dur\u00e9e de lecture estim\u00e9e":"1 minute"},"schema":{"@context":"https:\/\/schema.org","@graph":[{"@type":"WebPage","@id":"https:\/\/leen-trimarans.com\/why-a-trimaran-leen\/architects\/","url":"https:\/\/leen-trimarans.com\/why-a-trimaran-leen\/architects\/","name":"Architectes - LEEN-TRIMARANS","isPartOf":{"@id":"https:\/\/leen-trimarans.com\/#website"},"primaryImageOfPage":{"@id":"https:\/\/leen-trimarans.com\/why-a-trimaran-leen\/architects\/#primaryimage"},"image":{"@id":"https:\/\/leen-trimarans.com\/why-a-trimaran-leen\/architects\/#primaryimage"},"thumbnailUrl":"https:\/\/leen-trimarans.com\/wp-content\/uploads\/2020\/01\/architectes.jpg","datePublished":"2017-08-21T12:38:47+00:00","dateModified":"2020-02-24T08:00:39+00:00","description":"LEEN-TRIMARANS s'est entour\u00e9 des meilleurs architectes pour concevoir ces trimarans \u00e0 moteur : Bernard Nivelt and Pierre Frutschi","breadcrumb":{"@id":"https:\/\/leen-trimarans.com\/why-a-trimaran-leen\/architects\/#breadcrumb"},"inLanguage":"fr-FR","potentialAction":[{"@type":"ReadAction","target":["https:\/\/leen-trimarans.com\/why-a-trimaran-leen\/architects\/"]}]},{"@type":"ImageObject","inLanguage":"fr-FR","@id":"https:\/\/leen-trimarans.com\/why-a-trimaran-leen\/architects\/#primaryimage","url":"https:\/\/leen-trimarans.com\/wp-content\/uploads\/2020\/01\/architectes.jpg","contentUrl":"https:\/\/leen-trimarans.com\/wp-content\/uploads\/2020\/01\/architectes.jpg","width":1600,"height":785,"caption":"Architectes 2"},{"@type":"BreadcrumbList","@id":"https:\/\/leen-trimarans.com\/why-a-trimaran-leen\/architects\/#breadcrumb","itemListElement":[{"@type":"ListItem","position":1,"name":"Home","item":"https:\/\/leen-trimarans.com\/fr\/"},{"@type":"ListItem","position":2,"name":"Pourquoi un trimaran LEEN ?","item":"https:\/\/leen-trimarans.com\/why-a-trimaran-leen\/"},{"@type":"ListItem","position":3,"name":"Architectes"}]},{"@type":"WebSite","@id":"https:\/\/leen-trimarans.com\/#website","url":"https:\/\/leen-trimarans.com\/","name":"LEEN-TRIMARANS","description":"Just makes sense","publisher":{"@id":"https:\/\/leen-trimarans.com\/#organization"},"potentialAction":[{"@type":"SearchAction","target":{"@type":"EntryPoint","urlTemplate":"https:\/\/leen-trimarans.com\/?s={search_term_string}"},"query-input":{"@type":"PropertyValueSpecification","valueRequired":true,"valueName":"search_term_string"}}],"inLanguage":"fr-FR"},{"@type":"Organization","@id":"https:\/\/leen-trimarans.com\/#organization","name":"LEEN-TRIMARANS","url":"https:\/\/leen-trimarans.com\/","logo":{"@type":"ImageObject","inLanguage":"fr-FR","@id":"https:\/\/leen-trimarans.com\/#\/schema\/logo\/image\/","url":"","contentUrl":"","caption":"LEEN-TRIMARANS"},"image":{"@id":"https:\/\/leen-trimarans.com\/#\/schema\/logo\/image\/"},"sameAs":["https:\/\/www.facebook.com\/neeltrimarans\/","https:\/\/x.com\/neeltrimarans","https:\/\/www.instagram.com\/neeltrimarans_official\/","https:\/\/www.youtube.com\/channel\/UCAFnRZZiNuug-k9TNDH_sEw"]}]}},"_links":{"self":[{"href":"https:\/\/leen-trimarans.com\/fr\/wp-json\/wp\/v2\/pages\/8238","targetHints":{"allow":["GET"]}}],"collection":[{"href":"https:\/\/leen-trimarans.com\/fr\/wp-json\/wp\/v2\/pages"}],"about":[{"href":"https:\/\/leen-trimarans.com\/fr\/wp-json\/wp\/v2\/types\/page"}],"author":[{"embeddable":true,"href":"https:\/\/leen-trimarans.com\/fr\/wp-json\/wp\/v2\/users\/1"}],"replies":[{"embeddable":true,"href":"https:\/\/leen-trimarans.com\/fr\/wp-json\/wp\/v2\/comments?post=8238"}],"version-history":[{"count":5,"href":"https:\/\/leen-trimarans.com\/fr\/wp-json\/wp\/v2\/pages\/8238\/revisions"}],"predecessor-version":[{"id":11624,"href":"https:\/\/leen-trimarans.com\/fr\/wp-json\/wp\/v2\/pages\/8238\/revisions\/11624"}],"up":[{"embeddable":true,"href":"https:\/\/leen-trimarans.com\/fr\/wp-json\/wp\/v2\/pages\/8236"}],"wp:featuredmedia":[{"embeddable":true,"href":"https:\/\/leen-trimarans.com\/fr\/wp-json\/wp\/v2\/media\/10076"}],"wp:attachment":[{"href":"https:\/\/leen-trimarans.com\/fr\/wp-json\/wp\/v2\/media?parent=8238"}],"curies":[{"name":"wp","href":"https:\/\/api.w.org\/{rel}","templated":true}]}}