{"id":8232,"date":"2016-01-07T15:45:38","date_gmt":"2016-01-07T14:45:47","guid":{"rendered":"http:\/\/leen-trimarans.com\/safety\/"},"modified":"2022-11-24T17:10:59","modified_gmt":"2022-11-24T16:10:59","slug":"la-genese","status":"publish","type":"page","link":"https:\/\/leen-trimarans.com\/fr\/pourquoi-un-trimaran-leen\/la-genese\/","title":{"rendered":"La gen\u00e8se"},"content":{"rendered":"\t\t<div data-elementor-type=\"wp-page\" data-elementor-id=\"8232\" class=\"elementor elementor-8232 elementor-177\" data-elementor-post-type=\"page\">\n\t\t\t\t\t\t<section class=\"elementor-section elementor-top-section elementor-element elementor-element-63334917 section_breadcrum_neel elementor-section-boxed elementor-section-height-default elementor-section-height-default\" data-id=\"63334917\" data-element_type=\"section\" data-e-type=\"section\">\n\t\t\t\t\t\t<div class=\"elementor-container elementor-column-gap-default\">\n\t\t\t\t\t<div class=\"elementor-column elementor-col-100 elementor-top-column elementor-element elementor-element-1602cc9e\" data-id=\"1602cc9e\" data-element_type=\"column\" data-e-type=\"column\">\n\t\t\t<div class=\"elementor-widget-wrap elementor-element-populated\">\n\t\t\t\t\t\t<div class=\"elementor-element elementor-element-a042dce breadcrum_neel elementor-widget elementor-widget-wp-widget-bcn_widget\" data-id=\"a042dce\" data-element_type=\"widget\" data-e-type=\"widget\" data-widget_type=\"wp-widget-bcn_widget.default\">\n\t\t\t\t<div class=\"elementor-widget-container\">\n\t\t\t\t\t<div class=\"breadcrumbs\" vocab=\"https:\/\/schema.org\/\" typeof=\"BreadcrumbList\"><span property=\"itemListElement\" typeof=\"ListItem\"><a property=\"item\" typeof=\"WebPage\" title=\"Aller \u00e0 LEEN-TRIMARANS.\" href=\"https:\/\/leen-trimarans.com\/fr\/\" class=\"home\" aria-current=\"page\"><span property=\"name\">LEEN-TRIMARANS<\/span><\/a><meta property=\"position\" content=\"1\"><\/span><\/div>\t\t\t\t<\/div>\n\t\t\t\t<\/div>\n\t\t\t\t\t<\/div>\n\t\t<\/div>\n\t\t\t\t\t<\/div>\n\t\t<\/section>\n\t\t\t\t<section class=\"elementor-section elementor-top-section elementor-element elementor-element-1b51eb9 elementor-section-boxed elementor-section-height-default elementor-section-height-default\" data-id=\"1b51eb9\" data-element_type=\"section\" data-e-type=\"section\">\n\t\t\t\t\t\t<div class=\"elementor-container elementor-column-gap-default\">\n\t\t\t\t\t<div class=\"elementor-column elementor-col-100 elementor-top-column elementor-element elementor-element-d4d3fd9\" data-id=\"d4d3fd9\" data-element_type=\"column\" data-e-type=\"column\">\n\t\t\t<div class=\"elementor-widget-wrap elementor-element-populated\">\n\t\t\t\t\t\t<div class=\"elementor-element elementor-element-ea32244 elementor-widget elementor-widget-rubenz-widget-lightbox-video\" data-id=\"ea32244\" data-element_type=\"widget\" data-e-type=\"widget\" data-widget_type=\"rubenz-widget-lightbox-video.default\">\n\t\t\t\t<div class=\"elementor-widget-container\">\n\t\t\t\t\t\n\t\t<div class=\"section-video section_pt section_pb bg-black-0 color-white\">\n\t\t\t<a class=\"container section-video__link mfp-iframe js-video\" href=\"https:\/\/vimeo.com\/385507436\">\n\t\t\t\t\t\t\t\t\t<h2 >Video<\/h2>\n\t\t\t\t\t\t\t\t<div class=\"section-video__icon material-icons\">play_arrow<\/div>\n\t\t\t<\/a>\n\t\t\t\t\t\t\t<div class=\"lazy-bg art-parallax__bg\" data-src=\"https:\/\/leen-trimarans.com\/wp-content\/uploads\/2022\/02\/video.jpg\">\n\t\t\t\t\t<div class=\"overlay overlay_dark section-video__overlay\"><\/div>\n\t\t\t\t<\/div>\n\t\t\t\t\t<\/div>\n\n\t\t\t\t\t\t<\/div>\n\t\t\t\t<\/div>\n\t\t\t\t\t<\/div>\n\t\t<\/div>\n\t\t\t\t\t<\/div>\n\t\t<\/section>\n\t\t\t\t<section class=\"elementor-section elementor-top-section elementor-element elementor-element-39dfea5 elementor-section-boxed elementor-section-height-default elementor-section-height-default\" data-id=\"39dfea5\" data-element_type=\"section\" data-e-type=\"section\">\n\t\t\t\t\t\t<div class=\"elementor-container elementor-column-gap-default\">\n\t\t\t\t\t<div class=\"elementor-column elementor-col-100 elementor-top-column elementor-element elementor-element-7f4ef60\" data-id=\"7f4ef60\" data-element_type=\"column\" data-e-type=\"column\">\n\t\t\t<div class=\"elementor-widget-wrap elementor-element-populated\">\n\t\t\t\t\t\t<div class=\"elementor-element elementor-element-9f68bb1 elementor-widget elementor-widget-html\" data-id=\"9f68bb1\" data-element_type=\"widget\" data-e-type=\"widget\" data-widget_type=\"html.default\">\n\t\t\t\t<div class=\"elementor-widget-container\">\n\t\t\t\t\t<div class=\"section__headline\"><\/div>\t\t\t\t<\/div>\n\t\t\t\t<\/div>\n\t\t\t\t\t<\/div>\n\t\t<\/div>\n\t\t\t\t\t<\/div>\n\t\t<\/section>\n\t\t\t\t<section class=\"elementor-section elementor-top-section elementor-element elementor-element-e29016c elementor-section-boxed elementor-section-height-default elementor-section-height-default\" data-id=\"e29016c\" data-element_type=\"section\" data-e-type=\"section\">\n\t\t\t\t\t\t<div class=\"elementor-container elementor-column-gap-default\">\n\t\t\t\t\t<div class=\"elementor-column elementor-col-50 elementor-top-column elementor-element elementor-element-0a2373e\" data-id=\"0a2373e\" data-element_type=\"column\" data-e-type=\"column\">\n\t\t\t<div class=\"elementor-widget-wrap elementor-element-populated\">\n\t\t\t\t\t\t<div class=\"elementor-element elementor-element-3d76d30 elementor-widget elementor-widget-image\" data-id=\"3d76d30\" data-element_type=\"widget\" data-e-type=\"widget\" data-widget_type=\"image.default\">\n\t\t\t\t<div class=\"elementor-widget-container\">\n\t\t\t\t\t\t\t\t\t\t\t\t\t\t\t\t<a href=\"https:\/\/leen-trimarans.com\/wp-content\/uploads\/2022\/06\/leen-72-11.jpg\" data-elementor-open-lightbox=\"yes\" data-elementor-lightbox-title=\"LEEN 72 137\" data-e-action-hash=\"#elementor-action%3Aaction%3Dlightbox%26settings%3DeyJpZCI6MTU2NTUsInVybCI6Imh0dHBzOlwvXC9sZWVuLXRyaW1hcmFucy5jb21cL3dwLWNvbnRlbnRcL3VwbG9hZHNcLzIwMjJcLzA2XC9sZWVuLTcyLTExLmpwZyJ9\">\n\t\t\t\t\t\t\t<img fetchpriority=\"high\" decoding=\"async\" width=\"1200\" height=\"799\" src=\"https:\/\/leen-trimarans.com\/wp-content\/uploads\/2022\/06\/leen-72-11.jpg\" class=\"attachment-full size-full wp-image-15655\" alt=\"LEEN 72 67\" srcset=\"https:\/\/leen-trimarans.com\/wp-content\/uploads\/2022\/06\/leen-72-11.jpg 1200w, https:\/\/leen-trimarans.com\/wp-content\/uploads\/2022\/06\/leen-72-11-300x200.jpg 300w, https:\/\/leen-trimarans.com\/wp-content\/uploads\/2022\/06\/leen-72-11-1024x682.jpg 1024w\" sizes=\"(max-width: 1200px) 100vw, 1200px\" \/>\t\t\t\t\t\t\t\t<\/a>\n\t\t\t\t\t\t\t\t\t\t\t\t\t\t\t<\/div>\n\t\t\t\t<\/div>\n\t\t\t\t\t<\/div>\n\t\t<\/div>\n\t\t\t\t<div class=\"elementor-column elementor-col-50 elementor-top-column elementor-element elementor-element-c7658d9\" data-id=\"c7658d9\" data-element_type=\"column\" data-e-type=\"column\">\n\t\t\t<div class=\"elementor-widget-wrap elementor-element-populated\">\n\t\t\t\t\t\t<div class=\"elementor-element elementor-element-7a622a4 elementor-widget elementor-widget-text-editor\" data-id=\"7a622a4\" data-element_type=\"widget\" data-e-type=\"widget\" data-widget_type=\"text-editor.default\">\n\t\t\t\t<div class=\"elementor-widget-container\">\n\t\t\t\t\t\t\t\t\t<h2>Gen\u00e8se du projet LEEN-TRIMARANS<\/h2><p>NEEL-TRIMARANS est convaincu des qualit\u00e9s nautiques des trimarans, \u00e0 la voile, mais aussi \u00e0 moteur.<\/p><p>Le trimaran a prouv\u00e9 qu&#8217;il \u00e9tait le bateau le plus s\u00fbr en haute mer.<\/p><p>Ses coques \u00e9troites pr\u00e9sentent une tr\u00e8s faible r\u00e9sistance hydrodynamique.<\/p><p>Les trimarans ont besoin de moteurs de taille raisonnable et ils sont tr\u00e8s \u00e9conomes en carburant. A titre d&#8217;exemple, le NEEL 47 br\u00fble moins d&#8217;un litre par mille. C&#8217;est unique\u00a0!<\/p><p>Ces bateaux sont \u00e9galement tr\u00e8s stables en pleine mer. Les trimarans \u00e0 moteur ont beaucoup de sens pour la croisi\u00e8re en haute mer.<\/p><p>C&#8217;est pourquoi NEEL-TRIMARANS a d\u00e9cid\u00e9 de d\u00e9velopper \u00e9galement une gamme moteur.<\/p><p>LEEN devient l&#8217;image miroir de NEEL !<\/p><p>Les LEEN <strong>h\u00e9ritent des qualit\u00e9s marines reconnues<\/strong> des NEEL et de l\u2019expertise du chantier dans les trimarans.<\/p>\t\t\t\t\t\t\t\t<\/div>\n\t\t\t\t<\/div>\n\t\t\t\t\t<\/div>\n\t\t<\/div>\n\t\t\t\t\t<\/div>\n\t\t<\/section>\n\t\t\t\t<\/div>\n\t\t","protected":false},"excerpt":{"rendered":"<p>Video play_arrow Gen\u00e8se du projet LEEN-TRIMARANS NEEL-TRIMARANS est convaincu des qualit\u00e9s nautiques des trimarans, \u00e0 la voile, mais aussi \u00e0 moteur. Le trimaran a prouv\u00e9 qu&#8217;il \u00e9tait le bateau le plus s\u00fbr en haute mer. Ses coques \u00e9troites pr\u00e9sentent une tr\u00e8s faible r\u00e9sistance hydrodynamique. Les trimarans ont besoin de moteurs de taille raisonnable et ils [&hellip;]<\/p>\n","protected":false},"author":1,"featured_media":13995,"parent":8236,"menu_order":0,"comment_status":"closed","ping_status":"closed","template":"page_content_neel.php","meta":{"_acf_changed":false,"footnotes":""},"class_list":["post-8232","page","type-page","status-publish","has-post-thumbnail","hentry"],"acf":[],"yoast_head":"<!-- This site is optimized with the Yoast SEO plugin v27.4 - https:\/\/yoast.com\/product\/yoast-seo-wordpress\/ -->\n<title>La gen\u00e8se - LEEN-TRIMARANS<\/title>\n<meta name=\"description\" content=\"Pourquoi un trimaran LEEN ? D\u00e9couvrez la naissance du trimaran hybride \u00e0 moteur\" \/>\n<meta name=\"robots\" content=\"index, follow, max-snippet:-1, max-image-preview:large, max-video-preview:-1\" \/>\n<link rel=\"canonical\" href=\"https:\/\/leen-trimarans.com\/fr\/pourquoi-un-trimaran-leen\/la-genese\/\" \/>\n<meta property=\"og:locale\" content=\"fr_FR\" \/>\n<meta property=\"og:type\" content=\"article\" \/>\n<meta property=\"og:title\" content=\"La gen\u00e8se - LEEN-TRIMARANS\" \/>\n<meta property=\"og:description\" content=\"Pourquoi un trimaran LEEN ? D\u00e9couvrez la naissance du trimaran hybride \u00e0 moteur\" \/>\n<meta property=\"og:url\" content=\"https:\/\/leen-trimarans.com\/fr\/pourquoi-un-trimaran-leen\/la-genese\/\" \/>\n<meta property=\"og:site_name\" content=\"LEEN-TRIMARANS\" \/>\n<meta property=\"article:publisher\" content=\"https:\/\/www.facebook.com\/neeltrimarans\/\" \/>\n<meta property=\"article:modified_time\" content=\"2022-11-24T16:10:59+00:00\" \/>\n<meta property=\"og:image\" content=\"https:\/\/leen-trimarans.com\/wp-content\/uploads\/2021\/04\/leen-56-2.jpg\" \/>\n\t<meta property=\"og:image:width\" content=\"710\" \/>\n\t<meta property=\"og:image:height\" content=\"330\" \/>\n\t<meta property=\"og:image:type\" content=\"image\/jpeg\" \/>\n<meta name=\"twitter:card\" content=\"summary_large_image\" \/>\n<meta name=\"twitter:site\" content=\"@neeltrimarans\" \/>\n<meta name=\"twitter:label1\" content=\"Dur\u00e9e de lecture estim\u00e9e\" \/>\n\t<meta name=\"twitter:data1\" content=\"1 minute\" \/>\n<script type=\"application\/ld+json\" class=\"yoast-schema-graph\">{\"@context\":\"https:\\\/\\\/schema.org\",\"@graph\":[{\"@type\":\"WebPage\",\"@id\":\"https:\\\/\\\/leen-trimarans.com\\\/fr\\\/pourquoi-un-trimaran-leen\\\/la-genese\\\/\",\"url\":\"https:\\\/\\\/leen-trimarans.com\\\/fr\\\/pourquoi-un-trimaran-leen\\\/la-genese\\\/\",\"name\":\"La gen\u00e8se - LEEN-TRIMARANS\",\"isPartOf\":{\"@id\":\"https:\\\/\\\/leen-trimarans.com\\\/#website\"},\"primaryImageOfPage\":{\"@id\":\"https:\\\/\\\/leen-trimarans.com\\\/fr\\\/pourquoi-un-trimaran-leen\\\/la-genese\\\/#primaryimage\"},\"image\":{\"@id\":\"https:\\\/\\\/leen-trimarans.com\\\/fr\\\/pourquoi-un-trimaran-leen\\\/la-genese\\\/#primaryimage\"},\"thumbnailUrl\":\"https:\\\/\\\/leen-trimarans.com\\\/wp-content\\\/uploads\\\/2021\\\/04\\\/leen-56-2.jpg\",\"datePublished\":\"2016-01-07T14:45:47+00:00\",\"dateModified\":\"2022-11-24T16:10:59+00:00\",\"description\":\"Pourquoi un trimaran LEEN ? D\u00e9couvrez la naissance du trimaran hybride \u00e0 moteur\",\"breadcrumb\":{\"@id\":\"https:\\\/\\\/leen-trimarans.com\\\/fr\\\/pourquoi-un-trimaran-leen\\\/la-genese\\\/#breadcrumb\"},\"inLanguage\":\"fr-FR\",\"potentialAction\":[{\"@type\":\"ReadAction\",\"target\":[\"https:\\\/\\\/leen-trimarans.com\\\/fr\\\/pourquoi-un-trimaran-leen\\\/la-genese\\\/\"]}]},{\"@type\":\"ImageObject\",\"inLanguage\":\"fr-FR\",\"@id\":\"https:\\\/\\\/leen-trimarans.com\\\/fr\\\/pourquoi-un-trimaran-leen\\\/la-genese\\\/#primaryimage\",\"url\":\"https:\\\/\\\/leen-trimarans.com\\\/wp-content\\\/uploads\\\/2021\\\/04\\\/leen-56-2.jpg\",\"contentUrl\":\"https:\\\/\\\/leen-trimarans.com\\\/wp-content\\\/uploads\\\/2021\\\/04\\\/leen-56-2.jpg\",\"width\":710,\"height\":330,\"caption\":\"LEEN 56 1\"},{\"@type\":\"BreadcrumbList\",\"@id\":\"https:\\\/\\\/leen-trimarans.com\\\/fr\\\/pourquoi-un-trimaran-leen\\\/la-genese\\\/#breadcrumb\",\"itemListElement\":[{\"@type\":\"ListItem\",\"position\":1,\"name\":\"Home\",\"item\":\"https:\\\/\\\/leen-trimarans.com\\\/fr\\\/\"},{\"@type\":\"ListItem\",\"position\":2,\"name\":\"Pourquoi un trimaran LEEN ?\",\"item\":\"https:\\\/\\\/leen-trimarans.com\\\/why-a-trimaran-leen\\\/\"},{\"@type\":\"ListItem\",\"position\":3,\"name\":\"La gen\u00e8se\"}]},{\"@type\":\"WebSite\",\"@id\":\"https:\\\/\\\/leen-trimarans.com\\\/#website\",\"url\":\"https:\\\/\\\/leen-trimarans.com\\\/\",\"name\":\"LEEN-TRIMARANS\",\"description\":\"Just makes sense\",\"publisher\":{\"@id\":\"https:\\\/\\\/leen-trimarans.com\\\/#organization\"},\"potentialAction\":[{\"@type\":\"SearchAction\",\"target\":{\"@type\":\"EntryPoint\",\"urlTemplate\":\"https:\\\/\\\/leen-trimarans.com\\\/?s={search_term_string}\"},\"query-input\":{\"@type\":\"PropertyValueSpecification\",\"valueRequired\":true,\"valueName\":\"search_term_string\"}}],\"inLanguage\":\"fr-FR\"},{\"@type\":\"Organization\",\"@id\":\"https:\\\/\\\/leen-trimarans.com\\\/#organization\",\"name\":\"LEEN-TRIMARANS\",\"url\":\"https:\\\/\\\/leen-trimarans.com\\\/\",\"logo\":{\"@type\":\"ImageObject\",\"inLanguage\":\"fr-FR\",\"@id\":\"https:\\\/\\\/leen-trimarans.com\\\/#\\\/schema\\\/logo\\\/image\\\/\",\"url\":\"\",\"contentUrl\":\"\",\"caption\":\"LEEN-TRIMARANS\"},\"image\":{\"@id\":\"https:\\\/\\\/leen-trimarans.com\\\/#\\\/schema\\\/logo\\\/image\\\/\"},\"sameAs\":[\"https:\\\/\\\/www.facebook.com\\\/neeltrimarans\\\/\",\"https:\\\/\\\/x.com\\\/neeltrimarans\",\"https:\\\/\\\/www.instagram.com\\\/neeltrimarans_official\\\/\",\"https:\\\/\\\/www.youtube.com\\\/channel\\\/UCAFnRZZiNuug-k9TNDH_sEw\"]}]}<\/script>\n<!-- \/ Yoast SEO plugin. -->","yoast_head_json":{"title":"La gen\u00e8se - LEEN-TRIMARANS","description":"Pourquoi un trimaran LEEN ? D\u00e9couvrez la naissance du trimaran hybride \u00e0 moteur","robots":{"index":"index","follow":"follow","max-snippet":"max-snippet:-1","max-image-preview":"max-image-preview:large","max-video-preview":"max-video-preview:-1"},"canonical":"https:\/\/leen-trimarans.com\/fr\/pourquoi-un-trimaran-leen\/la-genese\/","og_locale":"fr_FR","og_type":"article","og_title":"La gen\u00e8se - LEEN-TRIMARANS","og_description":"Pourquoi un trimaran LEEN ? D\u00e9couvrez la naissance du trimaran hybride \u00e0 moteur","og_url":"https:\/\/leen-trimarans.com\/fr\/pourquoi-un-trimaran-leen\/la-genese\/","og_site_name":"LEEN-TRIMARANS","article_publisher":"https:\/\/www.facebook.com\/neeltrimarans\/","article_modified_time":"2022-11-24T16:10:59+00:00","og_image":[{"width":710,"height":330,"url":"https:\/\/leen-trimarans.com\/wp-content\/uploads\/2021\/04\/leen-56-2.jpg","type":"image\/jpeg"}],"twitter_card":"summary_large_image","twitter_site":"@neeltrimarans","twitter_misc":{"Dur\u00e9e de lecture estim\u00e9e":"1 minute"},"schema":{"@context":"https:\/\/schema.org","@graph":[{"@type":"WebPage","@id":"https:\/\/leen-trimarans.com\/fr\/pourquoi-un-trimaran-leen\/la-genese\/","url":"https:\/\/leen-trimarans.com\/fr\/pourquoi-un-trimaran-leen\/la-genese\/","name":"La gen\u00e8se - LEEN-TRIMARANS","isPartOf":{"@id":"https:\/\/leen-trimarans.com\/#website"},"primaryImageOfPage":{"@id":"https:\/\/leen-trimarans.com\/fr\/pourquoi-un-trimaran-leen\/la-genese\/#primaryimage"},"image":{"@id":"https:\/\/leen-trimarans.com\/fr\/pourquoi-un-trimaran-leen\/la-genese\/#primaryimage"},"thumbnailUrl":"https:\/\/leen-trimarans.com\/wp-content\/uploads\/2021\/04\/leen-56-2.jpg","datePublished":"2016-01-07T14:45:47+00:00","dateModified":"2022-11-24T16:10:59+00:00","description":"Pourquoi un trimaran LEEN ? D\u00e9couvrez la naissance du trimaran hybride \u00e0 moteur","breadcrumb":{"@id":"https:\/\/leen-trimarans.com\/fr\/pourquoi-un-trimaran-leen\/la-genese\/#breadcrumb"},"inLanguage":"fr-FR","potentialAction":[{"@type":"ReadAction","target":["https:\/\/leen-trimarans.com\/fr\/pourquoi-un-trimaran-leen\/la-genese\/"]}]},{"@type":"ImageObject","inLanguage":"fr-FR","@id":"https:\/\/leen-trimarans.com\/fr\/pourquoi-un-trimaran-leen\/la-genese\/#primaryimage","url":"https:\/\/leen-trimarans.com\/wp-content\/uploads\/2021\/04\/leen-56-2.jpg","contentUrl":"https:\/\/leen-trimarans.com\/wp-content\/uploads\/2021\/04\/leen-56-2.jpg","width":710,"height":330,"caption":"LEEN 56 1"},{"@type":"BreadcrumbList","@id":"https:\/\/leen-trimarans.com\/fr\/pourquoi-un-trimaran-leen\/la-genese\/#breadcrumb","itemListElement":[{"@type":"ListItem","position":1,"name":"Home","item":"https:\/\/leen-trimarans.com\/fr\/"},{"@type":"ListItem","position":2,"name":"Pourquoi un trimaran LEEN ?","item":"https:\/\/leen-trimarans.com\/why-a-trimaran-leen\/"},{"@type":"ListItem","position":3,"name":"La gen\u00e8se"}]},{"@type":"WebSite","@id":"https:\/\/leen-trimarans.com\/#website","url":"https:\/\/leen-trimarans.com\/","name":"LEEN-TRIMARANS","description":"Just makes sense","publisher":{"@id":"https:\/\/leen-trimarans.com\/#organization"},"potentialAction":[{"@type":"SearchAction","target":{"@type":"EntryPoint","urlTemplate":"https:\/\/leen-trimarans.com\/?s={search_term_string}"},"query-input":{"@type":"PropertyValueSpecification","valueRequired":true,"valueName":"search_term_string"}}],"inLanguage":"fr-FR"},{"@type":"Organization","@id":"https:\/\/leen-trimarans.com\/#organization","name":"LEEN-TRIMARANS","url":"https:\/\/leen-trimarans.com\/","logo":{"@type":"ImageObject","inLanguage":"fr-FR","@id":"https:\/\/leen-trimarans.com\/#\/schema\/logo\/image\/","url":"","contentUrl":"","caption":"LEEN-TRIMARANS"},"image":{"@id":"https:\/\/leen-trimarans.com\/#\/schema\/logo\/image\/"},"sameAs":["https:\/\/www.facebook.com\/neeltrimarans\/","https:\/\/x.com\/neeltrimarans","https:\/\/www.instagram.com\/neeltrimarans_official\/","https:\/\/www.youtube.com\/channel\/UCAFnRZZiNuug-k9TNDH_sEw"]}]}},"_links":{"self":[{"href":"https:\/\/leen-trimarans.com\/fr\/wp-json\/wp\/v2\/pages\/8232","targetHints":{"allow":["GET"]}}],"collection":[{"href":"https:\/\/leen-trimarans.com\/fr\/wp-json\/wp\/v2\/pages"}],"about":[{"href":"https:\/\/leen-trimarans.com\/fr\/wp-json\/wp\/v2\/types\/page"}],"author":[{"embeddable":true,"href":"https:\/\/leen-trimarans.com\/fr\/wp-json\/wp\/v2\/users\/1"}],"replies":[{"embeddable":true,"href":"https:\/\/leen-trimarans.com\/fr\/wp-json\/wp\/v2\/comments?post=8232"}],"version-history":[{"count":5,"href":"https:\/\/leen-trimarans.com\/fr\/wp-json\/wp\/v2\/pages\/8232\/revisions"}],"predecessor-version":[{"id":16418,"href":"https:\/\/leen-trimarans.com\/fr\/wp-json\/wp\/v2\/pages\/8232\/revisions\/16418"}],"up":[{"embeddable":true,"href":"https:\/\/leen-trimarans.com\/fr\/wp-json\/wp\/v2\/pages\/8236"}],"wp:featuredmedia":[{"embeddable":true,"href":"https:\/\/leen-trimarans.com\/fr\/wp-json\/wp\/v2\/media\/13995"}],"wp:attachment":[{"href":"https:\/\/leen-trimarans.com\/fr\/wp-json\/wp\/v2\/media?parent=8232"}],"curies":[{"name":"wp","href":"https:\/\/api.w.org\/{rel}","templated":true}]}}