{"id":10250,"date":"2020-01-18T01:56:10","date_gmt":"2020-01-18T00:56:55","guid":{"rendered":"http:\/\/leen-trimarans.com\/actualites-et-revue-de-presse\/news\/"},"modified":"2022-11-24T17:07:36","modified_gmt":"2022-11-24T16:07:36","slug":"actualites","status":"publish","type":"page","link":"https:\/\/leen-trimarans.com\/fr\/actualites-et-revue-de-presse\/actualites\/","title":{"rendered":"Actualit\u00e9s"},"content":{"rendered":"\t\t<div data-elementor-type=\"wp-page\" data-elementor-id=\"10250\" class=\"elementor elementor-10250 elementor-10243\" data-elementor-post-type=\"page\">\n\t\t\t\t\t\t<section class=\"elementor-section elementor-top-section elementor-element elementor-element-37b63e0f section_breadcrum_neel elementor-section-boxed elementor-section-height-default elementor-section-height-default\" data-id=\"37b63e0f\" data-element_type=\"section\" data-e-type=\"section\">\n\t\t\t\t\t\t<div class=\"elementor-container elementor-column-gap-default\">\n\t\t\t\t\t<div class=\"elementor-column elementor-col-100 elementor-top-column elementor-element elementor-element-45ab0f36\" data-id=\"45ab0f36\" data-element_type=\"column\" data-e-type=\"column\">\n\t\t\t<div class=\"elementor-widget-wrap elementor-element-populated\">\n\t\t\t\t\t\t<div class=\"elementor-element elementor-element-17c65cfe breadcrum_neel elementor-widget elementor-widget-wp-widget-bcn_widget\" data-id=\"17c65cfe\" data-element_type=\"widget\" data-e-type=\"widget\" data-widget_type=\"wp-widget-bcn_widget.default\">\n\t\t\t\t<div class=\"elementor-widget-container\">\n\t\t\t\t\t<div class=\"breadcrumbs\" vocab=\"https:\/\/schema.org\/\" typeof=\"BreadcrumbList\"><span property=\"itemListElement\" typeof=\"ListItem\"><a property=\"item\" typeof=\"WebPage\" title=\"Aller \u00e0 LEEN-TRIMARANS.\" href=\"https:\/\/leen-trimarans.com\/fr\/\" class=\"home\" aria-current=\"page\"><span property=\"name\">LEEN-TRIMARANS<\/span><\/a><meta property=\"position\" content=\"1\"><\/span><\/div>\t\t\t\t<\/div>\n\t\t\t\t<\/div>\n\t\t\t\t\t<\/div>\n\t\t<\/div>\n\t\t\t\t\t<\/div>\n\t\t<\/section>\n\t\t\t\t<section class=\"elementor-section elementor-top-section elementor-element elementor-element-6b28f7ea news_neel elementor-section-boxed elementor-section-height-default elementor-section-height-default\" data-id=\"6b28f7ea\" data-element_type=\"section\" data-e-type=\"section\">\n\t\t\t\t\t\t<div class=\"elementor-container elementor-column-gap-default\">\n\t\t\t\t\t<div class=\"elementor-column elementor-col-100 elementor-top-column elementor-element elementor-element-1984b05e\" data-id=\"1984b05e\" data-element_type=\"column\" data-e-type=\"column\">\n\t\t\t<div class=\"elementor-widget-wrap elementor-element-populated\">\n\t\t\t\t\t\t<div class=\"elementor-element elementor-element-40a85de4 elementor-widget elementor-widget-tp-blog-listout\" data-id=\"40a85de4\" data-element_type=\"widget\" data-e-type=\"widget\" data-widget_type=\"tp-blog-listout.default\">\n\t\t\t\t<div class=\"elementor-widget-container\">\n\t\t\t\t\t<div id=\"pt-plus-blog-post-list\" class=\"blog-list post69e8f0591c244  list-isotope  blog-style-2 hover-image-style-1 layout-style-1 animate-general\"  data-layout-type=\"fitRows\"   data-id=\"post69e8f0591c244\" data-style=\"style-2\"  data-animate-type=\"transition.fadeIn\" data-animate-delay=\"50\" data-animate-offset=\"85%\" data-animate-columns=\"stagger\" data-animate-stagger=\"150\"  dir= data-enable-isotope=\"1\" ><div id=\"post69e8f0591c244\" class=\"tp-row post-inner-loop post69e8f0591c244 text-center  \"><div class=\"grid-item metro-item  tp-col-lg-4 tp-col-md-6 tp-col-sm-12 tp-col-12  animated-columns\"><article id=\"post-17606\" class=\"post-17606 post type-post status-publish format-standard has-post-thumbnail hentry category-actualites-fr tag-accueil_-actus_fr\">\r\n\t<div class=\"blog-list-content\">\r\n\t\t\t\t<div class=\"post-content-image\">\r\n\t\t\t<a href=\"https:\/\/leen-trimarans.com\/fr\/leen-51-decouvrez-le-nouveau-modele-de-la-gamme-leen-trimarans\/\">\r\n\t\t\t\t\t<div class=\"blog-featured-image \">\r\n\t<span class=\"thumb-wrap\">\r\n\t\t<img fetchpriority=\"high\" decoding=\"async\" width=\"850\" height=\"1000\" src=\"https:\/\/leen-trimarans.com\/wp-content\/uploads\/2023\/10\/leen-51-decouvrez-le-nouveau-modele-de-la-gamme-leen-trimarans-4-850x1000.jpg\" class=\"attachment-news_home size-news_home\" alt=\"LEEN 51 : D\u00e9couvrez le nouveau mod\u00e8le de la gamme LEEN-TRIMARANS 3\" \/>\t<\/span>\r\n\t<\/div>\r\n\t\t\t<\/a>\r\n\t\t\t\t\t<\/div>\r\n\t\t\t\t<div class=\"post-content-bottom\">\r\n\t\t\t\t\t\t\t<div class=\"post-metro-category-top\">\r\n\t\t\t\t\t<div class=\"post-category-list style-1\">\t\r\n\t<span><a href=\"https:\/\/leen-trimarans.com\/fr\/category\/actualites-fr\/\">Actualit\u00e9s<\/a><\/span><\/div>\r\n\r\n\t\t\t\t<\/div>\r\n\t\t\t\t\t\t<div class=\"post-metro-content\">\r\n\t\t\t\t<h2 class=\"post-title\">\r\n\t<a href=\"https:\/\/leen-trimarans.com\/fr\/leen-51-decouvrez-le-nouveau-modele-de-la-gamme-leen-trimarans\/\" class=\"normal\">LEEN 51 : D\u00e9couvrez le nouveau mod\u00e8le de la gamme LEEN-TRIMARANS<\/a>\r\n<\/h2>\r\n\t\t\t\t\t\t\t\t\t\t\t<\/div>\r\n\t\t<\/div>\r\n\t\t\t\t\t<\/div>\r\n<\/article>\r\n<\/div><div class=\"grid-item metro-item  tp-col-lg-4 tp-col-md-6 tp-col-sm-12 tp-col-12  animated-columns\"><article id=\"post-15541\" class=\"post-15541 post type-post status-publish format-standard has-post-thumbnail hentry category-actualites-fr tag-accueil_-actus_fr\">\r\n\t<div class=\"blog-list-content\">\r\n\t\t\t\t<div class=\"post-content-image\">\r\n\t\t\t<a href=\"https:\/\/leen-trimarans.com\/fr\/mise-a-leau-leen-72\/\">\r\n\t\t\t\t\t<div class=\"blog-featured-image \">\r\n\t<span class=\"thumb-wrap\">\r\n\t\t<img decoding=\"async\" width=\"850\" height=\"1000\" src=\"https:\/\/leen-trimarans.com\/wp-content\/uploads\/2022\/05\/LAUNCHING-LEEN-72-2-850x1000.jpg\" class=\"attachment-news_home size-news_home\" alt=\"Launching of LEEN 72 #1 1\" \/>\t<\/span>\r\n\t<\/div>\r\n\t\t\t<\/a>\r\n\t\t\t\t\t<\/div>\r\n\t\t\t\t<div class=\"post-content-bottom\">\r\n\t\t\t\t\t\t\t<div class=\"post-metro-category-top\">\r\n\t\t\t\t\t<div class=\"post-category-list style-1\">\t\r\n\t<span><a href=\"https:\/\/leen-trimarans.com\/fr\/category\/actualites-fr\/\">Actualit\u00e9s<\/a><\/span><\/div>\r\n\r\n\t\t\t\t<\/div>\r\n\t\t\t\t\t\t<div class=\"post-metro-content\">\r\n\t\t\t\t<h2 class=\"post-title\">\r\n\t<a href=\"https:\/\/leen-trimarans.com\/fr\/mise-a-leau-leen-72\/\" class=\"normal\">Mise \u00e0 l\u2019eau du LEEN 72 #1<\/a>\r\n<\/h2>\r\n\t\t\t\t\t\t\t\t\t\t\t<\/div>\r\n\t\t<\/div>\r\n\t\t\t\t\t<\/div>\r\n<\/article>\r\n<\/div><div class=\"grid-item metro-item  tp-col-lg-4 tp-col-md-6 tp-col-sm-12 tp-col-12  animated-columns\"><article id=\"post-15061\" class=\"post-15061 post type-post status-publish format-standard has-post-thumbnail hentry category-actualites-fr tag-accueil_-actus_fr\">\r\n\t<div class=\"blog-list-content\">\r\n\t\t\t\t<div class=\"post-content-image\">\r\n\t\t\t<a href=\"https:\/\/leen-trimarans.com\/fr\/manutention-majeure-sur-le-leen-72\/\">\r\n\t\t\t\t\t<div class=\"blog-featured-image \">\r\n\t<span class=\"thumb-wrap\">\r\n\t\t<img decoding=\"async\" width=\"850\" height=\"1000\" src=\"https:\/\/leen-trimarans.com\/wp-content\/uploads\/2022\/03\/manutention-majeure-sur-le-leen-72-850x751.jpg\" class=\"attachment-news_home size-news_home\" alt=\"Manutention majeure sur le LEEN 72\" \/>\t<\/span>\r\n\t<\/div>\r\n\t\t\t<\/a>\r\n\t\t\t\t\t<\/div>\r\n\t\t\t\t<div class=\"post-content-bottom\">\r\n\t\t\t\t\t\t\t<div class=\"post-metro-category-top\">\r\n\t\t\t\t\t<div class=\"post-category-list style-1\">\t\r\n\t<span><a href=\"https:\/\/leen-trimarans.com\/fr\/category\/actualites-fr\/\">Actualit\u00e9s<\/a><\/span><\/div>\r\n\r\n\t\t\t\t<\/div>\r\n\t\t\t\t\t\t<div class=\"post-metro-content\">\r\n\t\t\t\t<h2 class=\"post-title\">\r\n\t<a href=\"https:\/\/leen-trimarans.com\/fr\/manutention-majeure-sur-le-leen-72\/\" class=\"normal\">Manutention majeure sur le LEEN 72<\/a>\r\n<\/h2>\r\n\t\t\t\t\t\t\t\t\t\t\t<\/div>\r\n\t\t<\/div>\r\n\t\t\t\t\t<\/div>\r\n<\/article>\r\n<\/div><div class=\"grid-item metro-item  tp-col-lg-4 tp-col-md-6 tp-col-sm-12 tp-col-12  animated-columns\"><article id=\"post-15032\" class=\"post-15032 post type-post status-publish format-standard has-post-thumbnail hentry category-actualites-fr tag-accueil_-actus_fr\">\r\n\t<div class=\"blog-list-content\">\r\n\t\t\t\t<div class=\"post-content-image\">\r\n\t\t\t<a href=\"https:\/\/leen-trimarans.com\/fr\/livraison-du-leen-56-1-et-depart-du-trimaran-pour-lalaska-en-cargo\/\">\r\n\t\t\t\t\t<div class=\"blog-featured-image \">\r\n\t<span class=\"thumb-wrap\">\r\n\t\t<img loading=\"lazy\" decoding=\"async\" width=\"850\" height=\"1000\" src=\"https:\/\/leen-trimarans.com\/wp-content\/uploads\/2022\/02\/livraison-du-leen-56-1-et-depart-du-trimaran-pour-lalaska-en-cargo-850x1000.jpg\" class=\"attachment-news_home size-news_home\" alt=\"Livraison du LEEN 56 #1 et d\u00e9part du trimaran pour l\u2019Alaska en cargo\" \/>\t<\/span>\r\n\t<\/div>\r\n\t\t\t<\/a>\r\n\t\t\t\t\t<\/div>\r\n\t\t\t\t<div class=\"post-content-bottom\">\r\n\t\t\t\t\t\t\t<div class=\"post-metro-category-top\">\r\n\t\t\t\t\t<div class=\"post-category-list style-1\">\t\r\n\t<span><a href=\"https:\/\/leen-trimarans.com\/fr\/category\/actualites-fr\/\">Actualit\u00e9s<\/a><\/span><\/div>\r\n\r\n\t\t\t\t<\/div>\r\n\t\t\t\t\t\t<div class=\"post-metro-content\">\r\n\t\t\t\t<h2 class=\"post-title\">\r\n\t<a href=\"https:\/\/leen-trimarans.com\/fr\/livraison-du-leen-56-1-et-depart-du-trimaran-pour-lalaska-en-cargo\/\" class=\"normal\">Livraison du LEEN 56 #1 et d\u00e9part du trimaran pour l\u2019Alaska en cargo<\/a>\r\n<\/h2>\r\n\t\t\t\t\t\t\t\t\t\t\t<\/div>\r\n\t\t<\/div>\r\n\t\t\t\t\t<\/div>\r\n<\/article>\r\n<\/div><div class=\"grid-item metro-item  tp-col-lg-4 tp-col-md-6 tp-col-sm-12 tp-col-12  animated-columns\"><article id=\"post-14890\" class=\"post-14890 post type-post status-publish format-standard has-post-thumbnail hentry category-actualites-fr tag-accueil_-actus_fr\">\r\n\t<div class=\"blog-list-content\">\r\n\t\t\t\t<div class=\"post-content-image\">\r\n\t\t\t<a href=\"https:\/\/leen-trimarans.com\/fr\/happy-new-year-2022\/\">\r\n\t\t\t\t\t<div class=\"blog-featured-image \">\r\n\t<span class=\"thumb-wrap\">\r\n\t\t<img loading=\"lazy\" decoding=\"async\" width=\"850\" height=\"1000\" src=\"https:\/\/leen-trimarans.com\/wp-content\/uploads\/2022\/01\/happy-new-year-2022-6-850x1000.jpg\" class=\"attachment-news_home size-news_home\" alt=\"Happy new year 2022 6\" \/>\t<\/span>\r\n\t<\/div>\r\n\t\t\t<\/a>\r\n\t\t\t\t\t<\/div>\r\n\t\t\t\t<div class=\"post-content-bottom\">\r\n\t\t\t\t\t\t\t<div class=\"post-metro-category-top\">\r\n\t\t\t\t\t<div class=\"post-category-list style-1\">\t\r\n\t<span><a href=\"https:\/\/leen-trimarans.com\/fr\/category\/actualites-fr\/\">Actualit\u00e9s<\/a><\/span><\/div>\r\n\r\n\t\t\t\t<\/div>\r\n\t\t\t\t\t\t<div class=\"post-metro-content\">\r\n\t\t\t\t<h2 class=\"post-title\">\r\n\t<a href=\"https:\/\/leen-trimarans.com\/fr\/happy-new-year-2022\/\" class=\"normal\">Happy new year 2022<\/a>\r\n<\/h2>\r\n\t\t\t\t\t\t\t\t\t\t\t<\/div>\r\n\t\t<\/div>\r\n\t\t\t\t\t<\/div>\r\n<\/article>\r\n<\/div><div class=\"grid-item metro-item  tp-col-lg-4 tp-col-md-6 tp-col-sm-12 tp-col-12  animated-columns\"><article id=\"post-14614\" class=\"post-14614 post type-post status-publish format-standard has-post-thumbnail hentry category-actualites-fr tag-accueil_-actus_fr\">\r\n\t<div class=\"blog-list-content\">\r\n\t\t\t\t<div class=\"post-content-image\">\r\n\t\t\t<a href=\"https:\/\/leen-trimarans.com\/fr\/le-leen-56-nomine-a-lelection-du-multicoque-a-moteur-de-lannee\/\">\r\n\t\t\t\t\t<div class=\"blog-featured-image \">\r\n\t<span class=\"thumb-wrap\">\r\n\t\t<img loading=\"lazy\" decoding=\"async\" width=\"850\" height=\"1000\" src=\"https:\/\/leen-trimarans.com\/wp-content\/uploads\/2021\/10\/leen-56-nominated-for-the-motor-multihull-of-the-year-award-850x789.jpg\" class=\"attachment-news_home size-news_home\" alt=\"Le LEEN 56 nomin\u00e9 \u00e0 l&#039;\u00e9lection du multicoque \u00e0 moteur de l&#039;ann\u00e9e 3\" \/>\t<\/span>\r\n\t<\/div>\r\n\t\t\t<\/a>\r\n\t\t\t\t\t<\/div>\r\n\t\t\t\t<div class=\"post-content-bottom\">\r\n\t\t\t\t\t\t\t<div class=\"post-metro-category-top\">\r\n\t\t\t\t\t<div class=\"post-category-list style-1\">\t\r\n\t<span><a href=\"https:\/\/leen-trimarans.com\/fr\/category\/actualites-fr\/\">Actualit\u00e9s<\/a><\/span><\/div>\r\n\r\n\t\t\t\t<\/div>\r\n\t\t\t\t\t\t<div class=\"post-metro-content\">\r\n\t\t\t\t<h2 class=\"post-title\">\r\n\t<a href=\"https:\/\/leen-trimarans.com\/fr\/le-leen-56-nomine-a-lelection-du-multicoque-a-moteur-de-lannee\/\" class=\"normal\">Le LEEN 56 nomin\u00e9 \u00e0 l&#8217;\u00e9lection du multicoque \u00e0 moteur de l&#8217;ann\u00e9e<\/a>\r\n<\/h2>\r\n\t\t\t\t\t\t\t\t\t\t\t<\/div>\r\n\t\t<\/div>\r\n\t\t\t\t\t<\/div>\r\n<\/article>\r\n<\/div><\/div><div class=\"theplus-pagination\"><span class=\"current\">1<\/span><a href='https:\/\/leen-trimarans.com\/fr\/wp-json\/wp\/v2\/pages\/10250\/page\/2\/' class=\"inactive\">2<\/a><a href='https:\/\/leen-trimarans.com\/fr\/wp-json\/wp\/v2\/pages\/10250\/page\/3\/' class=\"inactive\">3<\/a><a href='https:\/\/leen-trimarans.com\/fr\/wp-json\/wp\/v2\/pages\/10250\/page\/4\/' class=\"inactive\">4<\/a><a class='paginate-next' href='https:\/\/leen-trimarans.com\/fr\/wp-json\/wp\/v2\/pages\/10250\/page\/2\/'>Next<i class='fas fa-long-arrow-alt-right' aria-hidden='true'><\/i><\/a><\/div>\n<\/div>\t\t\t\t<\/div>\n\t\t\t\t<\/div>\n\t\t\t\t\t<\/div>\n\t\t<\/div>\n\t\t\t\t\t<\/div>\n\t\t<\/section>\n\t\t\t\t<\/div>\n\t\t","protected":false},"excerpt":{"rendered":"<p>News When the anchorage rhymes with peace and silence News Bernard Nivelt, architect of the LEEN, acquires a LEEN 56 News Hulls that have already proved their worth News LEEN 56: An exceptional and innovative owner suite News The stunning flybridge of the LEEN News Comfort and safety inside and out 12<\/p>\n","protected":false},"author":3,"featured_media":16410,"parent":8358,"menu_order":0,"comment_status":"closed","ping_status":"closed","template":"","meta":{"_acf_changed":false,"footnotes":""},"class_list":["post-10250","page","type-page","status-publish","has-post-thumbnail","hentry"],"acf":[],"yoast_head":"<!-- This site is optimized with the Yoast SEO plugin v27.4 - https:\/\/yoast.com\/product\/yoast-seo-wordpress\/ -->\n<title>Actualit\u00e9s - LEEN-TRIMARANS<\/title>\n<meta name=\"robots\" content=\"index, follow, max-snippet:-1, max-image-preview:large, max-video-preview:-1\" \/>\n<link rel=\"canonical\" href=\"https:\/\/leen-trimarans.com\/fr\/actualites-et-revue-de-presse\/actualites\/\" \/>\n<meta property=\"og:locale\" content=\"fr_FR\" \/>\n<meta property=\"og:type\" content=\"article\" \/>\n<meta property=\"og:title\" content=\"Actualit\u00e9s - LEEN-TRIMARANS\" \/>\n<meta property=\"og:description\" content=\"News When the anchorage rhymes with peace and silence News Bernard Nivelt, architect of the LEEN, acquires a LEEN 56 News Hulls that have already proved their worth News LEEN 56: An exceptional and innovative owner suite News The stunning flybridge of the LEEN News Comfort and safety inside and out 12\" \/>\n<meta property=\"og:url\" content=\"https:\/\/leen-trimarans.com\/fr\/actualites-et-revue-de-presse\/actualites\/\" \/>\n<meta property=\"og:site_name\" content=\"LEEN-TRIMARANS\" \/>\n<meta property=\"article:publisher\" content=\"https:\/\/www.facebook.com\/neeltrimarans\/\" \/>\n<meta property=\"article:modified_time\" content=\"2022-11-24T16:07:36+00:00\" \/>\n<meta property=\"og:image\" content=\"https:\/\/leen-trimarans.com\/wp-content\/uploads\/2022\/11\/actualites.jpg\" \/>\n\t<meta property=\"og:image:width\" content=\"1900\" \/>\n\t<meta property=\"og:image:height\" content=\"750\" \/>\n\t<meta property=\"og:image:type\" content=\"image\/jpeg\" \/>\n<meta name=\"twitter:card\" content=\"summary_large_image\" \/>\n<meta name=\"twitter:site\" content=\"@neeltrimarans\" \/>\n<meta name=\"twitter:label1\" content=\"Dur\u00e9e de lecture estim\u00e9e\" \/>\n\t<meta name=\"twitter:data1\" content=\"2 minutes\" \/>\n<script type=\"application\/ld+json\" class=\"yoast-schema-graph\">{\"@context\":\"https:\\\/\\\/schema.org\",\"@graph\":[{\"@type\":\"WebPage\",\"@id\":\"https:\\\/\\\/leen-trimarans.com\\\/fr\\\/actualites-et-revue-de-presse\\\/actualites\\\/\",\"url\":\"https:\\\/\\\/leen-trimarans.com\\\/fr\\\/actualites-et-revue-de-presse\\\/actualites\\\/\",\"name\":\"Actualit\u00e9s - LEEN-TRIMARANS\",\"isPartOf\":{\"@id\":\"https:\\\/\\\/leen-trimarans.com\\\/#website\"},\"primaryImageOfPage\":{\"@id\":\"https:\\\/\\\/leen-trimarans.com\\\/fr\\\/actualites-et-revue-de-presse\\\/actualites\\\/#primaryimage\"},\"image\":{\"@id\":\"https:\\\/\\\/leen-trimarans.com\\\/fr\\\/actualites-et-revue-de-presse\\\/actualites\\\/#primaryimage\"},\"thumbnailUrl\":\"https:\\\/\\\/leen-trimarans.com\\\/wp-content\\\/uploads\\\/2022\\\/11\\\/actualites.jpg\",\"datePublished\":\"2020-01-18T00:56:55+00:00\",\"dateModified\":\"2022-11-24T16:07:36+00:00\",\"breadcrumb\":{\"@id\":\"https:\\\/\\\/leen-trimarans.com\\\/fr\\\/actualites-et-revue-de-presse\\\/actualites\\\/#breadcrumb\"},\"inLanguage\":\"fr-FR\",\"potentialAction\":[{\"@type\":\"ReadAction\",\"target\":[\"https:\\\/\\\/leen-trimarans.com\\\/fr\\\/actualites-et-revue-de-presse\\\/actualites\\\/\"]}]},{\"@type\":\"ImageObject\",\"inLanguage\":\"fr-FR\",\"@id\":\"https:\\\/\\\/leen-trimarans.com\\\/fr\\\/actualites-et-revue-de-presse\\\/actualites\\\/#primaryimage\",\"url\":\"https:\\\/\\\/leen-trimarans.com\\\/wp-content\\\/uploads\\\/2022\\\/11\\\/actualites.jpg\",\"contentUrl\":\"https:\\\/\\\/leen-trimarans.com\\\/wp-content\\\/uploads\\\/2022\\\/11\\\/actualites.jpg\",\"width\":1900,\"height\":750,\"caption\":\"Actualit\u00e9s\"},{\"@type\":\"BreadcrumbList\",\"@id\":\"https:\\\/\\\/leen-trimarans.com\\\/fr\\\/actualites-et-revue-de-presse\\\/actualites\\\/#breadcrumb\",\"itemListElement\":[{\"@type\":\"ListItem\",\"position\":1,\"name\":\"Home\",\"item\":\"https:\\\/\\\/leen-trimarans.com\\\/fr\\\/\"},{\"@type\":\"ListItem\",\"position\":2,\"name\":\"Actualit\u00e9s et revue de presse\",\"item\":\"https:\\\/\\\/leen-trimarans.com\\\/fr\\\/actualites-et-revue-de-presse\\\/\"},{\"@type\":\"ListItem\",\"position\":3,\"name\":\"Actualit\u00e9s\"}]},{\"@type\":\"WebSite\",\"@id\":\"https:\\\/\\\/leen-trimarans.com\\\/#website\",\"url\":\"https:\\\/\\\/leen-trimarans.com\\\/\",\"name\":\"LEEN-TRIMARANS\",\"description\":\"Just makes sense\",\"publisher\":{\"@id\":\"https:\\\/\\\/leen-trimarans.com\\\/#organization\"},\"potentialAction\":[{\"@type\":\"SearchAction\",\"target\":{\"@type\":\"EntryPoint\",\"urlTemplate\":\"https:\\\/\\\/leen-trimarans.com\\\/?s={search_term_string}\"},\"query-input\":{\"@type\":\"PropertyValueSpecification\",\"valueRequired\":true,\"valueName\":\"search_term_string\"}}],\"inLanguage\":\"fr-FR\"},{\"@type\":\"Organization\",\"@id\":\"https:\\\/\\\/leen-trimarans.com\\\/#organization\",\"name\":\"LEEN-TRIMARANS\",\"url\":\"https:\\\/\\\/leen-trimarans.com\\\/\",\"logo\":{\"@type\":\"ImageObject\",\"inLanguage\":\"fr-FR\",\"@id\":\"https:\\\/\\\/leen-trimarans.com\\\/#\\\/schema\\\/logo\\\/image\\\/\",\"url\":\"\",\"contentUrl\":\"\",\"caption\":\"LEEN-TRIMARANS\"},\"image\":{\"@id\":\"https:\\\/\\\/leen-trimarans.com\\\/#\\\/schema\\\/logo\\\/image\\\/\"},\"sameAs\":[\"https:\\\/\\\/www.facebook.com\\\/neeltrimarans\\\/\",\"https:\\\/\\\/x.com\\\/neeltrimarans\",\"https:\\\/\\\/www.instagram.com\\\/neeltrimarans_official\\\/\",\"https:\\\/\\\/www.youtube.com\\\/channel\\\/UCAFnRZZiNuug-k9TNDH_sEw\"]}]}<\/script>\n<!-- \/ Yoast SEO plugin. -->","yoast_head_json":{"title":"Actualit\u00e9s - LEEN-TRIMARANS","robots":{"index":"index","follow":"follow","max-snippet":"max-snippet:-1","max-image-preview":"max-image-preview:large","max-video-preview":"max-video-preview:-1"},"canonical":"https:\/\/leen-trimarans.com\/fr\/actualites-et-revue-de-presse\/actualites\/","og_locale":"fr_FR","og_type":"article","og_title":"Actualit\u00e9s - LEEN-TRIMARANS","og_description":"News When the anchorage rhymes with peace and silence News Bernard Nivelt, architect of the LEEN, acquires a LEEN 56 News Hulls that have already proved their worth News LEEN 56: An exceptional and innovative owner suite News The stunning flybridge of the LEEN News Comfort and safety inside and out 12","og_url":"https:\/\/leen-trimarans.com\/fr\/actualites-et-revue-de-presse\/actualites\/","og_site_name":"LEEN-TRIMARANS","article_publisher":"https:\/\/www.facebook.com\/neeltrimarans\/","article_modified_time":"2022-11-24T16:07:36+00:00","og_image":[{"width":1900,"height":750,"url":"https:\/\/leen-trimarans.com\/wp-content\/uploads\/2022\/11\/actualites.jpg","type":"image\/jpeg"}],"twitter_card":"summary_large_image","twitter_site":"@neeltrimarans","twitter_misc":{"Dur\u00e9e de lecture estim\u00e9e":"2 minutes"},"schema":{"@context":"https:\/\/schema.org","@graph":[{"@type":"WebPage","@id":"https:\/\/leen-trimarans.com\/fr\/actualites-et-revue-de-presse\/actualites\/","url":"https:\/\/leen-trimarans.com\/fr\/actualites-et-revue-de-presse\/actualites\/","name":"Actualit\u00e9s - LEEN-TRIMARANS","isPartOf":{"@id":"https:\/\/leen-trimarans.com\/#website"},"primaryImageOfPage":{"@id":"https:\/\/leen-trimarans.com\/fr\/actualites-et-revue-de-presse\/actualites\/#primaryimage"},"image":{"@id":"https:\/\/leen-trimarans.com\/fr\/actualites-et-revue-de-presse\/actualites\/#primaryimage"},"thumbnailUrl":"https:\/\/leen-trimarans.com\/wp-content\/uploads\/2022\/11\/actualites.jpg","datePublished":"2020-01-18T00:56:55+00:00","dateModified":"2022-11-24T16:07:36+00:00","breadcrumb":{"@id":"https:\/\/leen-trimarans.com\/fr\/actualites-et-revue-de-presse\/actualites\/#breadcrumb"},"inLanguage":"fr-FR","potentialAction":[{"@type":"ReadAction","target":["https:\/\/leen-trimarans.com\/fr\/actualites-et-revue-de-presse\/actualites\/"]}]},{"@type":"ImageObject","inLanguage":"fr-FR","@id":"https:\/\/leen-trimarans.com\/fr\/actualites-et-revue-de-presse\/actualites\/#primaryimage","url":"https:\/\/leen-trimarans.com\/wp-content\/uploads\/2022\/11\/actualites.jpg","contentUrl":"https:\/\/leen-trimarans.com\/wp-content\/uploads\/2022\/11\/actualites.jpg","width":1900,"height":750,"caption":"Actualit\u00e9s"},{"@type":"BreadcrumbList","@id":"https:\/\/leen-trimarans.com\/fr\/actualites-et-revue-de-presse\/actualites\/#breadcrumb","itemListElement":[{"@type":"ListItem","position":1,"name":"Home","item":"https:\/\/leen-trimarans.com\/fr\/"},{"@type":"ListItem","position":2,"name":"Actualit\u00e9s et revue de presse","item":"https:\/\/leen-trimarans.com\/fr\/actualites-et-revue-de-presse\/"},{"@type":"ListItem","position":3,"name":"Actualit\u00e9s"}]},{"@type":"WebSite","@id":"https:\/\/leen-trimarans.com\/#website","url":"https:\/\/leen-trimarans.com\/","name":"LEEN-TRIMARANS","description":"Just makes sense","publisher":{"@id":"https:\/\/leen-trimarans.com\/#organization"},"potentialAction":[{"@type":"SearchAction","target":{"@type":"EntryPoint","urlTemplate":"https:\/\/leen-trimarans.com\/?s={search_term_string}"},"query-input":{"@type":"PropertyValueSpecification","valueRequired":true,"valueName":"search_term_string"}}],"inLanguage":"fr-FR"},{"@type":"Organization","@id":"https:\/\/leen-trimarans.com\/#organization","name":"LEEN-TRIMARANS","url":"https:\/\/leen-trimarans.com\/","logo":{"@type":"ImageObject","inLanguage":"fr-FR","@id":"https:\/\/leen-trimarans.com\/#\/schema\/logo\/image\/","url":"","contentUrl":"","caption":"LEEN-TRIMARANS"},"image":{"@id":"https:\/\/leen-trimarans.com\/#\/schema\/logo\/image\/"},"sameAs":["https:\/\/www.facebook.com\/neeltrimarans\/","https:\/\/x.com\/neeltrimarans","https:\/\/www.instagram.com\/neeltrimarans_official\/","https:\/\/www.youtube.com\/channel\/UCAFnRZZiNuug-k9TNDH_sEw"]}]}},"_links":{"self":[{"href":"https:\/\/leen-trimarans.com\/fr\/wp-json\/wp\/v2\/pages\/10250","targetHints":{"allow":["GET"]}}],"collection":[{"href":"https:\/\/leen-trimarans.com\/fr\/wp-json\/wp\/v2\/pages"}],"about":[{"href":"https:\/\/leen-trimarans.com\/fr\/wp-json\/wp\/v2\/types\/page"}],"author":[{"embeddable":true,"href":"https:\/\/leen-trimarans.com\/fr\/wp-json\/wp\/v2\/users\/3"}],"replies":[{"embeddable":true,"href":"https:\/\/leen-trimarans.com\/fr\/wp-json\/wp\/v2\/comments?post=10250"}],"version-history":[{"count":5,"href":"https:\/\/leen-trimarans.com\/fr\/wp-json\/wp\/v2\/pages\/10250\/revisions"}],"predecessor-version":[{"id":16406,"href":"https:\/\/leen-trimarans.com\/fr\/wp-json\/wp\/v2\/pages\/10250\/revisions\/16406"}],"up":[{"embeddable":true,"href":"https:\/\/leen-trimarans.com\/fr\/wp-json\/wp\/v2\/pages\/8358"}],"wp:featuredmedia":[{"embeddable":true,"href":"https:\/\/leen-trimarans.com\/fr\/wp-json\/wp\/v2\/media\/16410"}],"wp:attachment":[{"href":"https:\/\/leen-trimarans.com\/fr\/wp-json\/wp\/v2\/media?parent=10250"}],"curies":[{"name":"wp","href":"https:\/\/api.w.org\/{rel}","templated":true}]}}